{"id":84,"date":"2022-11-21T16:07:52","date_gmt":"2022-11-21T15:07:52","guid":{"rendered":"http:\/\/www.sap-formation.fr\/?page_id=84"},"modified":"2026-01-30T14:12:42","modified_gmt":"2026-01-30T13:12:42","slug":"reanimation-cardio-pulmonaire","status":"publish","type":"page","link":"https:\/\/www.sap-formation.fr\/index.php\/reanimation-cardio-pulmonaire\/","title":{"rendered":"R\u00e9animation Cardio-Pulmonaire"},"content":{"rendered":"\n<h2 class=\"wp-block-heading has-text-align-center\">INITIATION \u00c0 LA R\u00c9ANIMATION CARDIO-PULMONAIRE<\/h2>\n\n\n\n<p>                                         ET \u00c0 L\u2019UTILISATION DU D\u00c9FIBRILLATEUR<\/p>\n\n\n\n<p><em>(Action de sensibilisation \u2013 formation non certifiante)<\/em><br><em>Veille sanitaire et p\u00e9dagogique permanente<\/em><\/p>\n\n\n\n<h2 class=\"wp-block-heading\"><strong>FORMATEUR<\/strong><\/h2>\n\n\n\n<p>Formateur en pr\u00e9vention et secours, form\u00e9 aux gestes de premiers secours et \u00e0 jour de ses comp\u00e9tences professionnelles.<\/p>\n\n\n\n<h2 class=\"wp-block-heading\"><strong>PUBLIC CIBLE<\/strong><\/h2>\n\n\n\n<p>Cette initiation s\u2019adresse \u00e0 toute personne souhaitant acqu\u00e9rir les <strong>conduites \u00e0 tenir essentielles<\/strong> face \u00e0 une victime adulte, enfant ou nourrisson en <strong>arr\u00eat cardiaque<\/strong>, ou inconsciente, dans l\u2019attente de l\u2019arriv\u00e9e des secours sp\u00e9cialis\u00e9s.<\/p>\n\n\n\n<h2 class=\"wp-block-heading\"><strong>NOMBRE DE PARTICIPANTS<\/strong><\/h2>\n\n\n\n<p>Groupe de <strong>4 \u00e0 10 stagiaires<\/strong> par session.<\/p>\n\n\n\n<h2 class=\"wp-block-heading\"><strong>PR\u00c9REQUIS<\/strong><\/h2>\n\n\n\n<p>Aucun.<\/p>\n\n\n\n<h2 class=\"wp-block-heading\"><strong>ACCESSIBILIT\u00c9 \u2013 HANDICAP<\/strong><\/h2>\n\n\n\n<p>Conform\u00e9ment \u00e0 la loi n\u00b02005-102 du 11 f\u00e9vrier 2005 et au d\u00e9cret n\u00b02009-200 du 30 avril 2009, l\u2019accessibilit\u00e9 des personnes en situation de handicap est prise en compte.<br>Pour toute demande d\u2019adaptation, contacter le r\u00e9f\u00e9rent handicap de l\u2019organisme.<\/p>\n\n\n\n<h2 class=\"wp-block-heading\"><strong>ORGANISATION ET MODALIT\u00c9S<\/strong><\/h2>\n\n\n\n<p>Formation <strong>essentiellement pratique<\/strong>, bas\u00e9e sur des d\u00e9monstrations et des mises en situation centr\u00e9es sur la <strong>r\u00e9animation cardio-pulmonaire citoyenne<\/strong> et l\u2019<strong>utilisation d\u2019un d\u00e9fibrillateur automatis\u00e9 externe (DAE)<\/strong>.<br>Les apports th\u00e9oriques sont int\u00e9gr\u00e9s au fil de la pratique.<\/p>\n\n\n\n<h2 class=\"wp-block-heading\"><strong>MODALIT\u00c9S D\u2019ACC\u00c8S<\/strong><\/h2>\n\n\n\n<p>Inscription via : site internet \/ email : <strong><a href=\"mailto:sap.formation33@gmail.com\">sap.formation33@gmail.com<\/a> \/ <\/strong><strong>t\u00e9l\u00e9phone : 09 83 51 38 11 \/ 06 16 15 39 26<\/strong><strong><br><\/strong><strong>Etapes de l\u2019incription&nbsp;: \u00e9tude des besoins stagiaires\/\u00e9dition devis\/\u00e9dition convention .<\/strong><\/p>\n\n\n\n<h2 class=\"wp-block-heading\"><strong>D\u00c9LAI D\u2019INSCRIPTION<\/strong><\/h2>\n\n\n\n<p>Au minimum <strong>15 jours<\/strong> avant le d\u00e9but de la session.<\/p>\n\n\n\n<h2 class=\"wp-block-heading\"><strong>TARIFS<\/strong><\/h2>\n\n\n\n<p>Sur devis, adapt\u00e9s aux besoins du client.<\/p>\n\n\n\n<h2 class=\"wp-block-heading\"><strong>DUR\u00c9E<\/strong><\/h2>\n\n\n\n<p><strong>3 heures environ<\/strong>.<\/p>\n\n\n\n<h2 class=\"wp-block-heading\"><strong>OBJECTIFS DE L\u2019INITIATION<\/strong><\/h2>\n\n\n\n<p>\u00c0 l\u2019issue de la session, les participants seront capables de :<\/p>\n\n\n\n<ul class=\"wp-block-list\">\n<li>reconna\u00eetre une situation d\u2019arr\u00eat cardiaque ;<\/li>\n\n\n\n<li>adopter la conduite \u00e0 tenir face \u00e0 une <strong>victime inconsciente qui respire<\/strong> (mise en PLS) ;<\/li>\n\n\n\n<li>r\u00e9aliser une <strong>r\u00e9animation cardio-pulmonaire citoyenne<\/strong> adapt\u00e9e \u00e0 l\u2019\u00e2ge de la victime ;<\/li>\n\n\n\n<li>utiliser un <strong>d\u00e9fibrillateur automatis\u00e9 externe<\/strong> en s\u00e9curit\u00e9 ;<\/li>\n\n\n\n<li>alerter efficacement les secours.<\/li>\n<\/ul>\n\n\n\n<h2 class=\"wp-block-heading\"><strong>R\u00c9F\u00c9RENCES P\u00c9DAGOGIQUES<\/strong><\/h2>\n\n\n\n<p><strong>Cette initiation \u00e0 la r\u00e9animation cardio-pulmonaire et \u00e0 l\u2019utilisation du d\u00e9fibrillateur est une action de sensibilisation non certifiante.<br>Elle est r\u00e9alis\u00e9e sur la base des recommandations nationales de premiers secours issues du r\u00e9f\u00e9rentiel PSC1 (Direction G\u00e9n\u00e9rale de la S\u00e9curit\u00e9 Civile et de la Gestion des Crises \u2013 Minist\u00e8re de l\u2019Int\u00e9rieur), en coh\u00e9rence avec les recommandations fran\u00e7aises et europ\u00e9ennes en mati\u00e8re de r\u00e9animation cardio-pulmonaire citoyenne.<br>Elle ne se substitue pas \u00e0 une formation certifiante de type PSC1, SST ou PSE et ne donne lieu \u00e0 aucune d\u00e9livrance de dipl\u00f4me officiel.<\/strong><\/p>\n\n\n\n<h2 class=\"wp-block-heading\"><strong>CONTENUS INDICATIFS<\/strong><\/h2>\n\n\n\n<ul class=\"wp-block-list\">\n<li>La protection et la s\u00e9curisation de la situation<\/li>\n\n\n\n<li>L\u2019alerte des secours (messages essentiels)<\/li>\n\n\n\n<li><strong>La victime inconsciente qui respire<\/strong>\n<ul class=\"wp-block-list\">\n<li>mise en position lat\u00e9rale de s\u00e9curit\u00e9<\/li>\n<\/ul>\n<\/li>\n\n\n\n<li><strong>La victime inconsciente qui ne respire pas<\/strong>\n<ul class=\"wp-block-list\">\n<li>reconnaissance de l\u2019arr\u00eat cardiaque<\/li>\n\n\n\n<li>r\u00e9animation cardio-pulmonaire citoyenne (adulte, enfant, nourrisson)<\/li>\n<\/ul>\n<\/li>\n\n\n\n<li><strong>Utilisation du d\u00e9fibrillateur automatis\u00e9 externe (DAE)<\/strong>\n<ul class=\"wp-block-list\">\n<li>principes de fonctionnement<\/li>\n\n\n\n<li>mise en \u0153uvre en s\u00e9curit\u00e9<\/li>\n<\/ul>\n<\/li>\n<\/ul>\n\n\n\n<h2 class=\"wp-block-heading\"><strong>M\u00c9THODES D\u2019ANIMATION<\/strong><\/h2>\n\n\n\n<ul class=\"wp-block-list\">\n<li>D\u00e9monstrations pratiques<\/li>\n\n\n\n<li>Exercices guid\u00e9s sur mannequins<\/li>\n\n\n\n<li>Mises en situation r\u00e9alistes<\/li>\n<\/ul>\n\n\n\n<h2 class=\"wp-block-heading\"><strong>MOYENS P\u00c9DAGOGIQUES<\/strong><\/h2>\n\n\n\n<ul class=\"wp-block-list\">\n<li>Supports visuels (vid\u00e9oprojecteur)<\/li>\n\n\n\n<li>Mannequins de secourisme (adulte, enfant, nourrisson)<\/li>\n\n\n\n<li>D\u00e9fibrillateur d\u2019entra\u00eenement<\/li>\n<\/ul>\n\n\n\n<h2 class=\"wp-block-heading\"><strong>VALIDATION<\/strong><\/h2>\n\n\n\n<p class=\"has-text-align-center\">Une <strong>attestation de participation<\/strong> est d\u00e9livr\u00e9e \u00e0 l\u2019issue de la session.<br>Cette attestation <strong>ne constitue pas une certification<\/strong> et ne remplace pas une formation PSC1 ou SST.<\/p>\n\n\n\n<p>Programme:<\/p>\n\n\n\n<p><a href=\"https:\/\/www.sap-formation.fr\/wp-content\/uploads\/2026\/01\/5-Initiation-RCP.pdf\">https:\/\/www.sap-formation.fr\/wp-content\/uploads\/2026\/01\/5-Initiation-RCP.pdf<\/a><\/p>\n","protected":false},"excerpt":{"rendered":"<p>INITIATION \u00c0 LA R\u00c9ANIMATION CARDIO-PULMONAIRE ET \u00c0 L\u2019UTILISATION DU D\u00c9FIBRILLATEUR (Action de sensibilisation \u2013 formation non certifiante)Veille sanitaire et p\u00e9dagogique permanente FORMATEUR Formateur en pr\u00e9vention et secours, form\u00e9 aux gestes de premiers secours et \u00e0 jour de ses comp\u00e9tences professionnelles. PUBLIC CIBLE Cette initiation s\u2019adresse \u00e0 toute personne souhaitant acqu\u00e9rir les conduites \u00e0 tenir essentielles [&hellip;]<\/p>\n","protected":false},"author":1,"featured_media":0,"parent":0,"menu_order":0,"comment_status":"closed","ping_status":"closed","template":"","meta":{"footnotes":""},"class_list":["post-84","page","type-page","status-publish","hentry"],"yoast_head":"<!-- This site is optimized with the Yoast SEO plugin v25.8 - https:\/\/yoast.com\/wordpress\/plugins\/seo\/ -->\n<title>R\u00e9animation Cardio-Pulmonaire - SAP-Formation<\/title>\n<meta name=\"robots\" content=\"index, follow, max-snippet:-1, max-image-preview:large, max-video-preview:-1\" \/>\n<link rel=\"canonical\" href=\"https:\/\/www.sap-formation.fr\/index.php\/reanimation-cardio-pulmonaire\/\" \/>\n<meta property=\"og:locale\" content=\"fr_FR\" \/>\n<meta property=\"og:type\" content=\"article\" \/>\n<meta property=\"og:title\" content=\"R\u00e9animation Cardio-Pulmonaire - SAP-Formation\" \/>\n<meta property=\"og:description\" content=\"INITIATION \u00c0 LA R\u00c9ANIMATION CARDIO-PULMONAIRE ET \u00c0 L\u2019UTILISATION DU D\u00c9FIBRILLATEUR (Action de sensibilisation \u2013 formation non certifiante)Veille sanitaire et p\u00e9dagogique permanente FORMATEUR Formateur en pr\u00e9vention et secours, form\u00e9 aux gestes de premiers secours et \u00e0 jour de ses comp\u00e9tences professionnelles. PUBLIC CIBLE Cette initiation s\u2019adresse \u00e0 toute personne souhaitant acqu\u00e9rir les conduites \u00e0 tenir essentielles [&hellip;]\" \/>\n<meta property=\"og:url\" content=\"https:\/\/www.sap-formation.fr\/index.php\/reanimation-cardio-pulmonaire\/\" \/>\n<meta property=\"og:site_name\" content=\"SAP-Formation\" \/>\n<meta property=\"article:modified_time\" content=\"2026-01-30T13:12:42+00:00\" \/>\n<meta name=\"twitter:card\" content=\"summary_large_image\" \/>\n<meta name=\"twitter:label1\" content=\"Dur\u00e9e de lecture estim\u00e9e\" \/>\n\t<meta name=\"twitter:data1\" content=\"3 minutes\" \/>\n<script type=\"application\/ld+json\" class=\"yoast-schema-graph\">{\"@context\":\"https:\/\/schema.org\",\"@graph\":[{\"@type\":\"WebPage\",\"@id\":\"https:\/\/www.sap-formation.fr\/index.php\/reanimation-cardio-pulmonaire\/\",\"url\":\"https:\/\/www.sap-formation.fr\/index.php\/reanimation-cardio-pulmonaire\/\",\"name\":\"R\u00e9animation Cardio-Pulmonaire - SAP-Formation\",\"isPartOf\":{\"@id\":\"https:\/\/www.sap-formation.fr\/#website\"},\"datePublished\":\"2022-11-21T15:07:52+00:00\",\"dateModified\":\"2026-01-30T13:12:42+00:00\",\"breadcrumb\":{\"@id\":\"https:\/\/www.sap-formation.fr\/index.php\/reanimation-cardio-pulmonaire\/#breadcrumb\"},\"inLanguage\":\"fr-FR\",\"potentialAction\":[{\"@type\":\"ReadAction\",\"target\":[\"https:\/\/www.sap-formation.fr\/index.php\/reanimation-cardio-pulmonaire\/\"]}]},{\"@type\":\"BreadcrumbList\",\"@id\":\"https:\/\/www.sap-formation.fr\/index.php\/reanimation-cardio-pulmonaire\/#breadcrumb\",\"itemListElement\":[{\"@type\":\"ListItem\",\"position\":1,\"name\":\"Accueil\",\"item\":\"https:\/\/www.sap-formation.fr\/\"},{\"@type\":\"ListItem\",\"position\":2,\"name\":\"R\u00e9animation Cardio-Pulmonaire\"}]},{\"@type\":\"WebSite\",\"@id\":\"https:\/\/www.sap-formation.fr\/#website\",\"url\":\"https:\/\/www.sap-formation.fr\/\",\"name\":\"SAP-Formation\",\"description\":\"Formations SAP certifiantes\",\"publisher\":{\"@id\":\"https:\/\/www.sap-formation.fr\/#\/schema\/person\/3076231934e9156a43e60950274c1072\"},\"potentialAction\":[{\"@type\":\"SearchAction\",\"target\":{\"@type\":\"EntryPoint\",\"urlTemplate\":\"https:\/\/www.sap-formation.fr\/?s={search_term_string}\"},\"query-input\":{\"@type\":\"PropertyValueSpecification\",\"valueRequired\":true,\"valueName\":\"search_term_string\"}}],\"inLanguage\":\"fr-FR\"},{\"@type\":[\"Person\",\"Organization\"],\"@id\":\"https:\/\/www.sap-formation.fr\/#\/schema\/person\/3076231934e9156a43e60950274c1072\",\"name\":\"yfagalde\",\"image\":{\"@type\":\"ImageObject\",\"inLanguage\":\"fr-FR\",\"@id\":\"https:\/\/www.sap-formation.fr\/#\/schema\/person\/image\/\",\"url\":\"https:\/\/www.sap-formation.fr\/wp-content\/uploads\/2022\/11\/cropped-logo-1-1.png\",\"contentUrl\":\"https:\/\/www.sap-formation.fr\/wp-content\/uploads\/2022\/11\/cropped-logo-1-1.png\",\"width\":286,\"height\":176,\"caption\":\"yfagalde\"},\"logo\":{\"@id\":\"https:\/\/www.sap-formation.fr\/#\/schema\/person\/image\/\"},\"sameAs\":[\"https:\/\/sap-formation.fr\"]}]}<\/script>\n<!-- \/ Yoast SEO plugin. -->","yoast_head_json":{"title":"R\u00e9animation Cardio-Pulmonaire - SAP-Formation","robots":{"index":"index","follow":"follow","max-snippet":"max-snippet:-1","max-image-preview":"max-image-preview:large","max-video-preview":"max-video-preview:-1"},"canonical":"https:\/\/www.sap-formation.fr\/index.php\/reanimation-cardio-pulmonaire\/","og_locale":"fr_FR","og_type":"article","og_title":"R\u00e9animation Cardio-Pulmonaire - SAP-Formation","og_description":"INITIATION \u00c0 LA R\u00c9ANIMATION CARDIO-PULMONAIRE ET \u00c0 L\u2019UTILISATION DU D\u00c9FIBRILLATEUR (Action de sensibilisation \u2013 formation non certifiante)Veille sanitaire et p\u00e9dagogique permanente FORMATEUR Formateur en pr\u00e9vention et secours, form\u00e9 aux gestes de premiers secours et \u00e0 jour de ses comp\u00e9tences professionnelles. PUBLIC CIBLE Cette initiation s\u2019adresse \u00e0 toute personne souhaitant acqu\u00e9rir les conduites \u00e0 tenir essentielles [&hellip;]","og_url":"https:\/\/www.sap-formation.fr\/index.php\/reanimation-cardio-pulmonaire\/","og_site_name":"SAP-Formation","article_modified_time":"2026-01-30T13:12:42+00:00","twitter_card":"summary_large_image","twitter_misc":{"Dur\u00e9e de lecture estim\u00e9e":"3 minutes"},"schema":{"@context":"https:\/\/schema.org","@graph":[{"@type":"WebPage","@id":"https:\/\/www.sap-formation.fr\/index.php\/reanimation-cardio-pulmonaire\/","url":"https:\/\/www.sap-formation.fr\/index.php\/reanimation-cardio-pulmonaire\/","name":"R\u00e9animation Cardio-Pulmonaire - SAP-Formation","isPartOf":{"@id":"https:\/\/www.sap-formation.fr\/#website"},"datePublished":"2022-11-21T15:07:52+00:00","dateModified":"2026-01-30T13:12:42+00:00","breadcrumb":{"@id":"https:\/\/www.sap-formation.fr\/index.php\/reanimation-cardio-pulmonaire\/#breadcrumb"},"inLanguage":"fr-FR","potentialAction":[{"@type":"ReadAction","target":["https:\/\/www.sap-formation.fr\/index.php\/reanimation-cardio-pulmonaire\/"]}]},{"@type":"BreadcrumbList","@id":"https:\/\/www.sap-formation.fr\/index.php\/reanimation-cardio-pulmonaire\/#breadcrumb","itemListElement":[{"@type":"ListItem","position":1,"name":"Accueil","item":"https:\/\/www.sap-formation.fr\/"},{"@type":"ListItem","position":2,"name":"R\u00e9animation Cardio-Pulmonaire"}]},{"@type":"WebSite","@id":"https:\/\/www.sap-formation.fr\/#website","url":"https:\/\/www.sap-formation.fr\/","name":"SAP-Formation","description":"Formations SAP certifiantes","publisher":{"@id":"https:\/\/www.sap-formation.fr\/#\/schema\/person\/3076231934e9156a43e60950274c1072"},"potentialAction":[{"@type":"SearchAction","target":{"@type":"EntryPoint","urlTemplate":"https:\/\/www.sap-formation.fr\/?s={search_term_string}"},"query-input":{"@type":"PropertyValueSpecification","valueRequired":true,"valueName":"search_term_string"}}],"inLanguage":"fr-FR"},{"@type":["Person","Organization"],"@id":"https:\/\/www.sap-formation.fr\/#\/schema\/person\/3076231934e9156a43e60950274c1072","name":"yfagalde","image":{"@type":"ImageObject","inLanguage":"fr-FR","@id":"https:\/\/www.sap-formation.fr\/#\/schema\/person\/image\/","url":"https:\/\/www.sap-formation.fr\/wp-content\/uploads\/2022\/11\/cropped-logo-1-1.png","contentUrl":"https:\/\/www.sap-formation.fr\/wp-content\/uploads\/2022\/11\/cropped-logo-1-1.png","width":286,"height":176,"caption":"yfagalde"},"logo":{"@id":"https:\/\/www.sap-formation.fr\/#\/schema\/person\/image\/"},"sameAs":["https:\/\/sap-formation.fr"]}]}},"_links":{"self":[{"href":"https:\/\/www.sap-formation.fr\/index.php\/wp-json\/wp\/v2\/pages\/84","targetHints":{"allow":["GET"]}}],"collection":[{"href":"https:\/\/www.sap-formation.fr\/index.php\/wp-json\/wp\/v2\/pages"}],"about":[{"href":"https:\/\/www.sap-formation.fr\/index.php\/wp-json\/wp\/v2\/types\/page"}],"author":[{"embeddable":true,"href":"https:\/\/www.sap-formation.fr\/index.php\/wp-json\/wp\/v2\/users\/1"}],"replies":[{"embeddable":true,"href":"https:\/\/www.sap-formation.fr\/index.php\/wp-json\/wp\/v2\/comments?post=84"}],"version-history":[{"count":11,"href":"https:\/\/www.sap-formation.fr\/index.php\/wp-json\/wp\/v2\/pages\/84\/revisions"}],"predecessor-version":[{"id":757,"href":"https:\/\/www.sap-formation.fr\/index.php\/wp-json\/wp\/v2\/pages\/84\/revisions\/757"}],"wp:attachment":[{"href":"https:\/\/www.sap-formation.fr\/index.php\/wp-json\/wp\/v2\/media?parent=84"}],"curies":[{"name":"wp","href":"https:\/\/api.w.org\/{rel}","templated":true}]}}