{"id":75,"date":"2022-11-21T15:53:34","date_gmt":"2022-11-21T14:53:34","guid":{"rendered":"http:\/\/www.sap-formation.fr\/?page_id=75"},"modified":"2026-01-30T13:48:47","modified_gmt":"2026-01-30T12:48:47","slug":"formation-mac-sst","status":"publish","type":"page","link":"https:\/\/www.sap-formation.fr\/index.php\/formation-mac-sst\/","title":{"rendered":"FORMATION DE MAINTIEN ET ACTUALISATION DES COMP\u00c9TENCES DU SAUVETEUR SECOURISTE DU TRAVAIL"},"content":{"rendered":"\n<p><em>(Programme officiel INRS \/ CNAM \u2013 R\u00e9f\u00e9rentiel en vigueur)<\/em><br> Veille r\u00e9glementaire, sanitaire et p\u00e9dagogique permanente<\/p>\n\n\n\n<p><strong>FORMATEUR<\/strong><\/p>\n\n\n\n<p>Formateur <strong>Sauveteur Secouriste du Travail certifi\u00e9 INRS<\/strong>,<br>\u00e0 jour de son <strong>habilitation formateur SST<\/strong>.<\/p>\n\n\n\n<h2 class=\"wp-block-heading\"><strong>PUBLIC CIBLE<\/strong><\/h2>\n\n\n\n<p>Cette formation s\u2019adresse \u00e0 toute personne <strong>titulaire du certificat SST<\/strong> souhaitant maintenir et actualiser ses comp\u00e9tences afin de :<\/p>\n\n\n\n<ul class=\"wp-block-list\">\n<li>pr\u00e9venir une situation dangereuse,<\/li>\n\n\n\n<li>se prot\u00e9ger et prot\u00e9ger les autres,<\/li>\n\n\n\n<li>porter secours dans le cadre de son activit\u00e9 professionnelle.<\/li>\n<\/ul>\n\n\n\n<h2 class=\"wp-block-heading\"><strong>NOMBRE DE STAGIAIRES PAR SESSION<\/strong><\/h2>\n\n\n\n<p>Groupe de <strong>4 \u00e0 10 stagiaires maximum<\/strong>, conform\u00e9ment aux exigences de l\u2019INRS.<\/p>\n\n\n\n<h2 class=\"wp-block-heading\"><strong>PR\u00c9REQUIS POUR PR\u00c9TENDRE \u00c0 SUIVRE LA FORMATION<\/strong><\/h2>\n\n\n\n<p>\u00catre <strong>titulaire du certificat SST<\/strong> en cours de validit\u00e9 ou arriv\u00e9 \u00e0 \u00e9ch\u00e9ance.<\/p>\n\n\n\n<h2 class=\"wp-block-heading\"><strong>ACCESSIBILIT\u00c9 \u2013 ADAPTATION AU HANDICAP<\/strong><\/h2>\n\n\n\n<p>Conform\u00e9ment \u00e0 la loi n\u00b02005-102 du 11 f\u00e9vrier 2005 et au d\u00e9cret n\u00b02009-200 du 30 avril 2009, l\u2019accessibilit\u00e9 des personnes en situation de handicap est prise en compte.<br>Pour toute demande d\u2019adaptation, contacter le r\u00e9f\u00e9rent handicap de l\u2019organisme.<\/p>\n\n\n\n<h2 class=\"wp-block-heading\"><strong>ORGANISATION ET MODALIT\u00c9S DE D\u00c9ROULEMENT DE LA FORMATION<\/strong><\/h2>\n\n\n\n<p>Formation en pr\u00e9sentiel et <strong>essentiellement pratique<\/strong>, bas\u00e9e sur des d\u00e9monstrations, des exercices guid\u00e9s et des mises en situation professionnelles.<br>Les apports th\u00e9oriques sont int\u00e9gr\u00e9s au fil de l\u2019apprentissage des gestes, <strong>conform\u00e9ment au r\u00e9f\u00e9rentiel SST INRS en vigueur<\/strong>.<\/p>\n\n\n\n<h2 class=\"wp-block-heading\"><strong>MODALIT\u00c9S D\u2019ACC\u00c8S<\/strong><\/h2>\n\n\n\n<p>Inscription via : site internet \/ email : <strong><a href=\"mailto:sap.formation33@gmail.com\">sap.formation33@gmail.com<\/a> \/ <\/strong><strong>t\u00e9l\u00e9phone : 09 83 51 38 11 \/ 06 16 15 39 26<\/strong><strong><br><\/strong><strong>Etapes de l\u2019incription&nbsp;: \u00e9tude des besoins stagiaires\/\u00e9dition devis\/\u00e9dition convention .<\/strong><\/p>\n\n\n\n<h2 class=\"wp-block-heading\"><strong>D\u00c9LAIS D\u2019INSCRIPTION<\/strong><\/h2>\n\n\n\n<p>A minima <strong>15 jours<\/strong> avant le d\u00e9but de la formation.<\/p>\n\n\n\n<h2 class=\"wp-block-heading\"><strong>TARIFS<\/strong><\/h2>\n\n\n\n<p>Nous contacter \u2013 un <strong>devis personnalis\u00e9<\/strong> est \u00e9tabli en fonction des besoins de l\u2019entreprise.<\/p>\n\n\n\n<h2 class=\"wp-block-heading\"><strong>DUR\u00c9E<\/strong><\/h2>\n\n\n\n<p><strong>7 heures<\/strong><br>(hors risques sp\u00e9cifiques propres \u00e0 l\u2019entreprise).<\/p>\n\n\n\n<h2 class=\"wp-block-heading\"><strong>OBJECTIFS DE LA FORMATION<\/strong><\/h2>\n\n\n\n<p>\u00c0 l\u2019issue de la formation, le SST doit \u00eatre capable de :<\/p>\n\n\n\n<ul class=\"wp-block-list\">\n<li>maintenir et actualiser ses comp\u00e9tences de sauveteur secouriste du travail ;<\/li>\n\n\n\n<li>intervenir efficacement face \u00e0 un accident du travail ;<\/li>\n\n\n\n<li>identifier les situations dangereuses au sein de l\u2019entreprise ;<\/li>\n\n\n\n<li>proposer et relayer des mesures de pr\u00e9vention adapt\u00e9es ;<\/li>\n\n\n\n<li>alerter les secours comp\u00e9tents.<\/li>\n<\/ul>\n\n\n\n<h2 class=\"wp-block-heading\"><strong>R\u00c9F\u00c9RENCES P\u00c9DAGOGIQUES<\/strong><\/h2>\n\n\n\n<p>Cette formation Sauveteur Secouriste du Travail est une <strong>formation certifiante.<\/strong><br>Elle permet la d\u00e9livrance du <strong>certificat SST<\/strong>, reconnu au niveau national et valable <strong>24 mois<\/strong>. La formation Sauveteur Secouriste du Travail (SST) est r\u00e9alis\u00e9e conform\u00e9ment au <strong>document de r\u00e9f\u00e9rence SST de l\u2019INRS et de la CNAM<\/strong>, en vigueur \u00e0 la date de r\u00e9alisation de la formation.<br>Les contenus, m\u00e9thodes p\u00e9dagogiques et modalit\u00e9s d\u2019\u00e9valuation sont strictement align\u00e9s sur ce r\u00e9f\u00e9rentiel national.<\/p>\n\n\n\n<h2 class=\"wp-block-heading\"><strong>M\u00c9THODES D\u2019ANIMATION ET MOYENS D\u2019ENCADREMENT<\/strong><\/h2>\n\n\n\n<p>Il s\u2019agit d\u2019une formation <strong>essentiellement pratique<\/strong>, conforme au <strong>r\u00e9f\u00e9rentiel national SST de l\u2019INRS<\/strong>.<br>L\u2019\u00e9valuation des acquis se r\u00e9alise <strong>tout au long de la formation<\/strong>, au travers :<\/p>\n\n\n\n<ul class=\"wp-block-list\">\n<li>de mises en situation professionnelles simul\u00e9es,<\/li>\n\n\n\n<li>de rappels et d\u2019actualisation des gestes de secours,<\/li>\n\n\n\n<li>de pratiques guid\u00e9es pas \u00e0 pas par le formateur.<\/li>\n<\/ul>\n\n\n\n<p>Chaque participant est amen\u00e9 \u00e0 mettre en \u0153uvre <strong>l\u2019ensemble des conduites \u00e0 tenir SST<\/strong> sur des cas concrets.<\/p>\n\n\n\n<h2 class=\"wp-block-heading\"><strong>MAT\u00c9RIEL P\u00c9DAGOGIQUE UTILIS\u00c9<\/strong><\/h2>\n\n\n\n<ul class=\"wp-block-list\">\n<li>Supports visuels (vid\u00e9oprojecteur),<\/li>\n\n\n\n<li>Mannequins de secourisme (adulte, enfant, nourrisson),<\/li>\n\n\n\n<li>D\u00e9fibrillateur d\u2019entra\u00eenement,<\/li>\n\n\n\n<li>Mat\u00e9riel de simulation SST,<\/li>\n\n\n\n<li>Kit p\u00e9dagogique de mise en situation.<\/li>\n<\/ul>\n\n\n\n<h2 class=\"wp-block-heading\"><strong>\u00c9VALUATION ET VALIDATION<\/strong><\/h2>\n\n\n\n<h3 class=\"wp-block-heading\"><strong>\u00c9VALUATION<\/strong><\/h3>\n\n\n\n<p>\u00c9valuation continue des comp\u00e9tences conform\u00e9ment \u00e0 la <strong>grille officielle INRS<\/strong>.<\/p>\n\n\n\n<h3 class=\"wp-block-heading\"><strong>VALIDATION<\/strong><\/h3>\n\n\n\n<p>\u00c0 l\u2019issue de la formation, et en cas d\u2019\u00e9valuation favorable :<\/p>\n\n\n\n<ul class=\"wp-block-list\">\n<li>d\u00e9livrance du <strong>certificat de Maintien et Actualisation des Comp\u00e9tences SST<\/strong>,<\/li>\n\n\n\n<li>certificat valable <strong>24 mois<\/strong>.<\/li>\n<\/ul>\n\n\n\n<p>Dans le cas o\u00f9 le participant ne peut mettre en \u0153uvre, pour des raisons d\u2019aptitudes physiques, l\u2019ensemble des comp\u00e9tences attendues, une <strong>attestation de suivi de formation<\/strong> est d\u00e9livr\u00e9e.<\/p>\n\n\n\n<h2 class=\"wp-block-heading\"><strong>CONTENUS DE FORMATION<\/strong><\/h2>\n\n\n\n<p> \u00c0 l\u2019issue de la formation, le stagiaire doit \u00eatre capable de :<\/p>\n\n\n\n<p> mettre en application ses comp\u00e9tences SST au service de la pr\u00e9vention des risques professionnels ;<\/p>\n\n\n\n<p>r\u00e9aliser une protection adapt\u00e9e ;<\/p>\n\n\n\n<p>examiner une victime ;<\/p>\n\n\n\n<p>faire alerter ou alerter ;<\/p>\n\n\n\n<p>secourir une victime qui : <\/p>\n\n\n\n<p>saigne abondamment,<\/p>\n\n\n\n<p>s\u2019\u00e9touffe,<\/p>\n\n\n\n<p>ne r\u00e9pond pas et ne respire pas,<\/p>\n\n\n\n<p>ne r\u00e9pond pas et respire,<\/p>\n\n\n\n<p>r\u00e9pond et se plaint de sensations p\u00e9nibles,<\/p>\n\n\n\n<p>r\u00e9pond et se plaint de br\u00fblures,<br><br>r\u00e9pond et se plaint d\u2019une douleur emp\u00eachant certains mouvements.<\/p>\n\n\n\n<p>Programme:<\/p>\n\n\n\n<p><a href=\"https:\/\/www.sap-formation.fr\/wp-content\/uploads\/2026\/01\/2-MAC-SST.pdf\">https:\/\/www.sap-formation.fr\/wp-content\/uploads\/2026\/01\/2-MAC-SST.pdf<\/a><\/p>\n","protected":false},"excerpt":{"rendered":"<p>(Programme officiel INRS \/ CNAM \u2013 R\u00e9f\u00e9rentiel en vigueur) Veille r\u00e9glementaire, sanitaire et p\u00e9dagogique permanente FORMATEUR Formateur Sauveteur Secouriste du Travail certifi\u00e9 INRS,\u00e0 jour de son habilitation formateur SST. PUBLIC CIBLE Cette formation s\u2019adresse \u00e0 toute personne titulaire du certificat SST souhaitant maintenir et actualiser ses comp\u00e9tences afin de : NOMBRE DE STAGIAIRES PAR SESSION [&hellip;]<\/p>\n","protected":false},"author":1,"featured_media":0,"parent":0,"menu_order":0,"comment_status":"closed","ping_status":"closed","template":"","meta":{"footnotes":""},"class_list":["post-75","page","type-page","status-publish","hentry"],"yoast_head":"<!-- This site is optimized with the Yoast SEO plugin v25.8 - https:\/\/yoast.com\/wordpress\/plugins\/seo\/ -->\n<title>FORMATION DE MAINTIEN ET ACTUALISATION DES COMP\u00c9TENCES DU SAUVETEUR SECOURISTE DU TRAVAIL - SAP-Formation<\/title>\n<meta name=\"description\" content=\"Recyclage MAC SST 7 h sur site. Qualiopi, INRS. 33\/40\/64 (Bordeaux, Dax, Bayonne\u2026). Financement OPCO, devis en 24 h.\" \/>\n<meta name=\"robots\" content=\"index, follow, max-snippet:-1, max-image-preview:large, max-video-preview:-1\" \/>\n<link rel=\"canonical\" href=\"https:\/\/www.sap-formation.fr\/index.php\/formation-mac-sst\/\" \/>\n<meta property=\"og:locale\" content=\"fr_FR\" \/>\n<meta property=\"og:type\" content=\"article\" \/>\n<meta property=\"og:title\" content=\"FORMATION DE MAINTIEN ET ACTUALISATION DES COMP\u00c9TENCES DU SAUVETEUR SECOURISTE DU TRAVAIL - SAP-Formation\" \/>\n<meta property=\"og:description\" content=\"Recyclage MAC SST 7 h sur site. Qualiopi, INRS. 33\/40\/64 (Bordeaux, Dax, Bayonne\u2026). Financement OPCO, devis en 24 h.\" \/>\n<meta property=\"og:url\" content=\"https:\/\/www.sap-formation.fr\/index.php\/formation-mac-sst\/\" \/>\n<meta property=\"og:site_name\" content=\"SAP-Formation\" \/>\n<meta property=\"article:modified_time\" content=\"2026-01-30T12:48:47+00:00\" \/>\n<meta name=\"twitter:card\" content=\"summary_large_image\" \/>\n<meta name=\"twitter:label1\" content=\"Dur\u00e9e de lecture estim\u00e9e\" \/>\n\t<meta name=\"twitter:data1\" content=\"4 minutes\" \/>\n<script type=\"application\/ld+json\" class=\"yoast-schema-graph\">{\"@context\":\"https:\/\/schema.org\",\"@graph\":[{\"@type\":\"WebPage\",\"@id\":\"https:\/\/www.sap-formation.fr\/index.php\/formation-mac-sst\/\",\"url\":\"https:\/\/www.sap-formation.fr\/index.php\/formation-mac-sst\/\",\"name\":\"FORMATION DE MAINTIEN ET ACTUALISATION DES COMP\u00c9TENCES DU SAUVETEUR SECOURISTE DU TRAVAIL - SAP-Formation\",\"isPartOf\":{\"@id\":\"https:\/\/www.sap-formation.fr\/#website\"},\"datePublished\":\"2022-11-21T14:53:34+00:00\",\"dateModified\":\"2026-01-30T12:48:47+00:00\",\"description\":\"Recyclage MAC SST 7 h sur site. Qualiopi, INRS. 33\/40\/64 (Bordeaux, Dax, Bayonne\u2026). Financement OPCO, devis en 24 h.\",\"breadcrumb\":{\"@id\":\"https:\/\/www.sap-formation.fr\/index.php\/formation-mac-sst\/#breadcrumb\"},\"inLanguage\":\"fr-FR\",\"potentialAction\":[{\"@type\":\"ReadAction\",\"target\":[\"https:\/\/www.sap-formation.fr\/index.php\/formation-mac-sst\/\"]}]},{\"@type\":\"BreadcrumbList\",\"@id\":\"https:\/\/www.sap-formation.fr\/index.php\/formation-mac-sst\/#breadcrumb\",\"itemListElement\":[{\"@type\":\"ListItem\",\"position\":1,\"name\":\"Accueil\",\"item\":\"https:\/\/www.sap-formation.fr\/\"},{\"@type\":\"ListItem\",\"position\":2,\"name\":\"FORMATION DE MAINTIEN ET ACTUALISATION DES COMP\u00c9TENCES DU SAUVETEUR SECOURISTE DU TRAVAIL\"}]},{\"@type\":\"WebSite\",\"@id\":\"https:\/\/www.sap-formation.fr\/#website\",\"url\":\"https:\/\/www.sap-formation.fr\/\",\"name\":\"SAP-Formation\",\"description\":\"Formations SAP certifiantes\",\"publisher\":{\"@id\":\"https:\/\/www.sap-formation.fr\/#\/schema\/person\/3076231934e9156a43e60950274c1072\"},\"potentialAction\":[{\"@type\":\"SearchAction\",\"target\":{\"@type\":\"EntryPoint\",\"urlTemplate\":\"https:\/\/www.sap-formation.fr\/?s={search_term_string}\"},\"query-input\":{\"@type\":\"PropertyValueSpecification\",\"valueRequired\":true,\"valueName\":\"search_term_string\"}}],\"inLanguage\":\"fr-FR\"},{\"@type\":[\"Person\",\"Organization\"],\"@id\":\"https:\/\/www.sap-formation.fr\/#\/schema\/person\/3076231934e9156a43e60950274c1072\",\"name\":\"yfagalde\",\"image\":{\"@type\":\"ImageObject\",\"inLanguage\":\"fr-FR\",\"@id\":\"https:\/\/www.sap-formation.fr\/#\/schema\/person\/image\/\",\"url\":\"https:\/\/www.sap-formation.fr\/wp-content\/uploads\/2022\/11\/cropped-logo-1-1.png\",\"contentUrl\":\"https:\/\/www.sap-formation.fr\/wp-content\/uploads\/2022\/11\/cropped-logo-1-1.png\",\"width\":286,\"height\":176,\"caption\":\"yfagalde\"},\"logo\":{\"@id\":\"https:\/\/www.sap-formation.fr\/#\/schema\/person\/image\/\"},\"sameAs\":[\"https:\/\/sap-formation.fr\"]}]}<\/script>\n<!-- \/ Yoast SEO plugin. -->","yoast_head_json":{"title":"FORMATION DE MAINTIEN ET ACTUALISATION DES COMP\u00c9TENCES DU SAUVETEUR SECOURISTE DU TRAVAIL - SAP-Formation","description":"Recyclage MAC SST 7 h sur site. Qualiopi, INRS. 33\/40\/64 (Bordeaux, Dax, Bayonne\u2026). Financement OPCO, devis en 24 h.","robots":{"index":"index","follow":"follow","max-snippet":"max-snippet:-1","max-image-preview":"max-image-preview:large","max-video-preview":"max-video-preview:-1"},"canonical":"https:\/\/www.sap-formation.fr\/index.php\/formation-mac-sst\/","og_locale":"fr_FR","og_type":"article","og_title":"FORMATION DE MAINTIEN ET ACTUALISATION DES COMP\u00c9TENCES DU SAUVETEUR SECOURISTE DU TRAVAIL - SAP-Formation","og_description":"Recyclage MAC SST 7 h sur site. Qualiopi, INRS. 33\/40\/64 (Bordeaux, Dax, Bayonne\u2026). Financement OPCO, devis en 24 h.","og_url":"https:\/\/www.sap-formation.fr\/index.php\/formation-mac-sst\/","og_site_name":"SAP-Formation","article_modified_time":"2026-01-30T12:48:47+00:00","twitter_card":"summary_large_image","twitter_misc":{"Dur\u00e9e de lecture estim\u00e9e":"4 minutes"},"schema":{"@context":"https:\/\/schema.org","@graph":[{"@type":"WebPage","@id":"https:\/\/www.sap-formation.fr\/index.php\/formation-mac-sst\/","url":"https:\/\/www.sap-formation.fr\/index.php\/formation-mac-sst\/","name":"FORMATION DE MAINTIEN ET ACTUALISATION DES COMP\u00c9TENCES DU SAUVETEUR SECOURISTE DU TRAVAIL - SAP-Formation","isPartOf":{"@id":"https:\/\/www.sap-formation.fr\/#website"},"datePublished":"2022-11-21T14:53:34+00:00","dateModified":"2026-01-30T12:48:47+00:00","description":"Recyclage MAC SST 7 h sur site. Qualiopi, INRS. 33\/40\/64 (Bordeaux, Dax, Bayonne\u2026). Financement OPCO, devis en 24 h.","breadcrumb":{"@id":"https:\/\/www.sap-formation.fr\/index.php\/formation-mac-sst\/#breadcrumb"},"inLanguage":"fr-FR","potentialAction":[{"@type":"ReadAction","target":["https:\/\/www.sap-formation.fr\/index.php\/formation-mac-sst\/"]}]},{"@type":"BreadcrumbList","@id":"https:\/\/www.sap-formation.fr\/index.php\/formation-mac-sst\/#breadcrumb","itemListElement":[{"@type":"ListItem","position":1,"name":"Accueil","item":"https:\/\/www.sap-formation.fr\/"},{"@type":"ListItem","position":2,"name":"FORMATION DE MAINTIEN ET ACTUALISATION DES COMP\u00c9TENCES DU SAUVETEUR SECOURISTE DU TRAVAIL"}]},{"@type":"WebSite","@id":"https:\/\/www.sap-formation.fr\/#website","url":"https:\/\/www.sap-formation.fr\/","name":"SAP-Formation","description":"Formations SAP certifiantes","publisher":{"@id":"https:\/\/www.sap-formation.fr\/#\/schema\/person\/3076231934e9156a43e60950274c1072"},"potentialAction":[{"@type":"SearchAction","target":{"@type":"EntryPoint","urlTemplate":"https:\/\/www.sap-formation.fr\/?s={search_term_string}"},"query-input":{"@type":"PropertyValueSpecification","valueRequired":true,"valueName":"search_term_string"}}],"inLanguage":"fr-FR"},{"@type":["Person","Organization"],"@id":"https:\/\/www.sap-formation.fr\/#\/schema\/person\/3076231934e9156a43e60950274c1072","name":"yfagalde","image":{"@type":"ImageObject","inLanguage":"fr-FR","@id":"https:\/\/www.sap-formation.fr\/#\/schema\/person\/image\/","url":"https:\/\/www.sap-formation.fr\/wp-content\/uploads\/2022\/11\/cropped-logo-1-1.png","contentUrl":"https:\/\/www.sap-formation.fr\/wp-content\/uploads\/2022\/11\/cropped-logo-1-1.png","width":286,"height":176,"caption":"yfagalde"},"logo":{"@id":"https:\/\/www.sap-formation.fr\/#\/schema\/person\/image\/"},"sameAs":["https:\/\/sap-formation.fr"]}]}},"_links":{"self":[{"href":"https:\/\/www.sap-formation.fr\/index.php\/wp-json\/wp\/v2\/pages\/75","targetHints":{"allow":["GET"]}}],"collection":[{"href":"https:\/\/www.sap-formation.fr\/index.php\/wp-json\/wp\/v2\/pages"}],"about":[{"href":"https:\/\/www.sap-formation.fr\/index.php\/wp-json\/wp\/v2\/types\/page"}],"author":[{"embeddable":true,"href":"https:\/\/www.sap-formation.fr\/index.php\/wp-json\/wp\/v2\/users\/1"}],"replies":[{"embeddable":true,"href":"https:\/\/www.sap-formation.fr\/index.php\/wp-json\/wp\/v2\/comments?post=75"}],"version-history":[{"count":13,"href":"https:\/\/www.sap-formation.fr\/index.php\/wp-json\/wp\/v2\/pages\/75\/revisions"}],"predecessor-version":[{"id":739,"href":"https:\/\/www.sap-formation.fr\/index.php\/wp-json\/wp\/v2\/pages\/75\/revisions\/739"}],"wp:attachment":[{"href":"https:\/\/www.sap-formation.fr\/index.php\/wp-json\/wp\/v2\/media?parent=75"}],"curies":[{"name":"wp","href":"https:\/\/api.w.org\/{rel}","templated":true}]}}