{"id":59,"date":"2022-11-21T15:15:02","date_gmt":"2022-11-21T14:15:02","guid":{"rendered":"http:\/\/www.sap-formation.fr\/?page_id=59"},"modified":"2022-11-22T14:43:49","modified_gmt":"2022-11-22T13:43:49","slug":"information-handicap","status":"publish","type":"page","link":"https:\/\/www.sap-formation.fr\/index.php\/information-handicap\/","title":{"rendered":"Information Handicap"},"content":{"rendered":"\n<p>Nos formations peuvent \u00eatre accessibles aux personnes en situation de handicap (l\u2019obtention du certificat SST n\u2019est possible que lorsque le candidat est capable de prot\u00e9ger,\u00a0 d\u2019examiner la victime, d\u2019alerter ou faire alerter et d\u2019effectuer tous les gestes de secours. Par contre, il n\u2019est pas exig\u00e9 que les gestes de secours soient effectu\u00e9s de mani\u00e8re \u00ab parfaite \u00bb ; ce qui prime est le r\u00e9sultat \u00e0 atteindre (l\u2019efficacit\u00e9).<br>Dans tous les cas, il convient d\u2019examiner la possibilit\u00e9 de certifier le candidat au cas par cas, en fonction de la nature du handicap, de sa capacit\u00e9 \u00e0 r\u00e9aliser les gestes, et de son niveau de compr\u00e9hension. <br>Par exemple une R\u00e9animation Cardio-Pulmonaire (RCP) r\u00e9alis\u00e9e \u00e0 une seule main, ou avec un bras amput\u00e9 de sa main n\u2019emp\u00eache pas la validation si les compressions thoraciques sont efficaces. A l\u2019inverse une incapacit\u00e9 mentale ne permettant pas au candidat de r\u00e9aliser un examen amenant au bon r\u00e9sultat \u00e0 atteindre, conduira \u00e0 une impossibilit\u00e9 de certifier le candidat.<br>De m\u00eame une impossibilit\u00e9 totale (t\u00e9trapl\u00e9gie,&#8230;) \u00e0 r\u00e9aliser une PLS ne permettra pas de certifier le candidat. En revanche, il devra \u00eatre d\u00e9livr\u00e9 au stagiaire une attestation de fin de formation mentionnant notamment les r\u00e9sultats des acquis (partiels, du fait du handicap) de la formation.<br>Chaque situation \u00e9tant diff\u00e9rente, nous vous demandons de pr\u00e9ciser d\u00e8s l\u2019inscription votre handicap, nous pourrons ainsi confirmer l\u2019ensemble des possibilit\u00e9s d\u2019accueil et vous permettre de suivre n\u00f4tre formation. Pour toutes informations compl\u00e9mentaires, vous pouvez prendre contact avec les structures suivantes : <a rel=\"noreferrer noopener\" href=\"https:\/\/www.agefiph.fr\/\" data-type=\"URL\" data-id=\"https:\/\/www.agefiph.fr\/\" target=\"_blank\">AGEFIPH<\/a> et <a rel=\"noreferrer noopener\" href=\"https:\/\/www.fiphfp.fr\/\" data-type=\"URL\" data-id=\"https:\/\/www.fiphfp.fr\/\" target=\"_blank\">FIPHFP<\/a><\/p>\n","protected":false},"excerpt":{"rendered":"<p>Nos formations peuvent \u00eatre accessibles aux personnes en situation de handicap (l\u2019obtention du certificat SST n\u2019est possible que lorsque le candidat est capable de prot\u00e9ger,\u00a0 d\u2019examiner la victime, d\u2019alerter ou faire alerter et d\u2019effectuer tous les gestes de secours. Par contre, il n\u2019est pas exig\u00e9 que les gestes de secours soient effectu\u00e9s de mani\u00e8re \u00ab [&hellip;]<\/p>\n","protected":false},"author":1,"featured_media":0,"parent":0,"menu_order":0,"comment_status":"closed","ping_status":"closed","template":"","meta":{"footnotes":""},"class_list":["post-59","page","type-page","status-publish","hentry"],"yoast_head":"<!-- This site is optimized with the Yoast SEO plugin v25.8 - https:\/\/yoast.com\/wordpress\/plugins\/seo\/ -->\n<title>Information Handicap - SAP-Formation<\/title>\n<meta name=\"robots\" content=\"index, follow, max-snippet:-1, max-image-preview:large, max-video-preview:-1\" \/>\n<link rel=\"canonical\" href=\"https:\/\/www.sap-formation.fr\/index.php\/information-handicap\/\" \/>\n<meta property=\"og:locale\" content=\"fr_FR\" \/>\n<meta property=\"og:type\" content=\"article\" \/>\n<meta property=\"og:title\" content=\"Information Handicap - SAP-Formation\" \/>\n<meta property=\"og:description\" content=\"Nos formations peuvent \u00eatre accessibles aux personnes en situation de handicap (l\u2019obtention du certificat SST n\u2019est possible que lorsque le candidat est capable de prot\u00e9ger,\u00a0 d\u2019examiner la victime, d\u2019alerter ou faire alerter et d\u2019effectuer tous les gestes de secours. Par contre, il n\u2019est pas exig\u00e9 que les gestes de secours soient effectu\u00e9s de mani\u00e8re \u00ab [&hellip;]\" \/>\n<meta property=\"og:url\" content=\"https:\/\/www.sap-formation.fr\/index.php\/information-handicap\/\" \/>\n<meta property=\"og:site_name\" content=\"SAP-Formation\" \/>\n<meta property=\"article:modified_time\" content=\"2022-11-22T13:43:49+00:00\" \/>\n<meta name=\"twitter:card\" content=\"summary_large_image\" \/>\n<meta name=\"twitter:label1\" content=\"Dur\u00e9e de lecture estim\u00e9e\" \/>\n\t<meta name=\"twitter:data1\" content=\"1 minute\" \/>\n<script type=\"application\/ld+json\" class=\"yoast-schema-graph\">{\"@context\":\"https:\/\/schema.org\",\"@graph\":[{\"@type\":\"WebPage\",\"@id\":\"https:\/\/www.sap-formation.fr\/index.php\/information-handicap\/\",\"url\":\"https:\/\/www.sap-formation.fr\/index.php\/information-handicap\/\",\"name\":\"Information Handicap - SAP-Formation\",\"isPartOf\":{\"@id\":\"https:\/\/www.sap-formation.fr\/#website\"},\"datePublished\":\"2022-11-21T14:15:02+00:00\",\"dateModified\":\"2022-11-22T13:43:49+00:00\",\"breadcrumb\":{\"@id\":\"https:\/\/www.sap-formation.fr\/index.php\/information-handicap\/#breadcrumb\"},\"inLanguage\":\"fr-FR\",\"potentialAction\":[{\"@type\":\"ReadAction\",\"target\":[\"https:\/\/www.sap-formation.fr\/index.php\/information-handicap\/\"]}]},{\"@type\":\"BreadcrumbList\",\"@id\":\"https:\/\/www.sap-formation.fr\/index.php\/information-handicap\/#breadcrumb\",\"itemListElement\":[{\"@type\":\"ListItem\",\"position\":1,\"name\":\"Accueil\",\"item\":\"https:\/\/www.sap-formation.fr\/\"},{\"@type\":\"ListItem\",\"position\":2,\"name\":\"Information Handicap\"}]},{\"@type\":\"WebSite\",\"@id\":\"https:\/\/www.sap-formation.fr\/#website\",\"url\":\"https:\/\/www.sap-formation.fr\/\",\"name\":\"SAP-Formation\",\"description\":\"Formations SAP certifiantes\",\"publisher\":{\"@id\":\"https:\/\/www.sap-formation.fr\/#\/schema\/person\/3076231934e9156a43e60950274c1072\"},\"potentialAction\":[{\"@type\":\"SearchAction\",\"target\":{\"@type\":\"EntryPoint\",\"urlTemplate\":\"https:\/\/www.sap-formation.fr\/?s={search_term_string}\"},\"query-input\":{\"@type\":\"PropertyValueSpecification\",\"valueRequired\":true,\"valueName\":\"search_term_string\"}}],\"inLanguage\":\"fr-FR\"},{\"@type\":[\"Person\",\"Organization\"],\"@id\":\"https:\/\/www.sap-formation.fr\/#\/schema\/person\/3076231934e9156a43e60950274c1072\",\"name\":\"yfagalde\",\"image\":{\"@type\":\"ImageObject\",\"inLanguage\":\"fr-FR\",\"@id\":\"https:\/\/www.sap-formation.fr\/#\/schema\/person\/image\/\",\"url\":\"https:\/\/www.sap-formation.fr\/wp-content\/uploads\/2022\/11\/cropped-logo-1-1.png\",\"contentUrl\":\"https:\/\/www.sap-formation.fr\/wp-content\/uploads\/2022\/11\/cropped-logo-1-1.png\",\"width\":286,\"height\":176,\"caption\":\"yfagalde\"},\"logo\":{\"@id\":\"https:\/\/www.sap-formation.fr\/#\/schema\/person\/image\/\"},\"sameAs\":[\"https:\/\/sap-formation.fr\"]}]}<\/script>\n<!-- \/ Yoast SEO plugin. -->","yoast_head_json":{"title":"Information Handicap - SAP-Formation","robots":{"index":"index","follow":"follow","max-snippet":"max-snippet:-1","max-image-preview":"max-image-preview:large","max-video-preview":"max-video-preview:-1"},"canonical":"https:\/\/www.sap-formation.fr\/index.php\/information-handicap\/","og_locale":"fr_FR","og_type":"article","og_title":"Information Handicap - SAP-Formation","og_description":"Nos formations peuvent \u00eatre accessibles aux personnes en situation de handicap (l\u2019obtention du certificat SST n\u2019est possible que lorsque le candidat est capable de prot\u00e9ger,\u00a0 d\u2019examiner la victime, d\u2019alerter ou faire alerter et d\u2019effectuer tous les gestes de secours. Par contre, il n\u2019est pas exig\u00e9 que les gestes de secours soient effectu\u00e9s de mani\u00e8re \u00ab [&hellip;]","og_url":"https:\/\/www.sap-formation.fr\/index.php\/information-handicap\/","og_site_name":"SAP-Formation","article_modified_time":"2022-11-22T13:43:49+00:00","twitter_card":"summary_large_image","twitter_misc":{"Dur\u00e9e de lecture estim\u00e9e":"1 minute"},"schema":{"@context":"https:\/\/schema.org","@graph":[{"@type":"WebPage","@id":"https:\/\/www.sap-formation.fr\/index.php\/information-handicap\/","url":"https:\/\/www.sap-formation.fr\/index.php\/information-handicap\/","name":"Information Handicap - SAP-Formation","isPartOf":{"@id":"https:\/\/www.sap-formation.fr\/#website"},"datePublished":"2022-11-21T14:15:02+00:00","dateModified":"2022-11-22T13:43:49+00:00","breadcrumb":{"@id":"https:\/\/www.sap-formation.fr\/index.php\/information-handicap\/#breadcrumb"},"inLanguage":"fr-FR","potentialAction":[{"@type":"ReadAction","target":["https:\/\/www.sap-formation.fr\/index.php\/information-handicap\/"]}]},{"@type":"BreadcrumbList","@id":"https:\/\/www.sap-formation.fr\/index.php\/information-handicap\/#breadcrumb","itemListElement":[{"@type":"ListItem","position":1,"name":"Accueil","item":"https:\/\/www.sap-formation.fr\/"},{"@type":"ListItem","position":2,"name":"Information Handicap"}]},{"@type":"WebSite","@id":"https:\/\/www.sap-formation.fr\/#website","url":"https:\/\/www.sap-formation.fr\/","name":"SAP-Formation","description":"Formations SAP certifiantes","publisher":{"@id":"https:\/\/www.sap-formation.fr\/#\/schema\/person\/3076231934e9156a43e60950274c1072"},"potentialAction":[{"@type":"SearchAction","target":{"@type":"EntryPoint","urlTemplate":"https:\/\/www.sap-formation.fr\/?s={search_term_string}"},"query-input":{"@type":"PropertyValueSpecification","valueRequired":true,"valueName":"search_term_string"}}],"inLanguage":"fr-FR"},{"@type":["Person","Organization"],"@id":"https:\/\/www.sap-formation.fr\/#\/schema\/person\/3076231934e9156a43e60950274c1072","name":"yfagalde","image":{"@type":"ImageObject","inLanguage":"fr-FR","@id":"https:\/\/www.sap-formation.fr\/#\/schema\/person\/image\/","url":"https:\/\/www.sap-formation.fr\/wp-content\/uploads\/2022\/11\/cropped-logo-1-1.png","contentUrl":"https:\/\/www.sap-formation.fr\/wp-content\/uploads\/2022\/11\/cropped-logo-1-1.png","width":286,"height":176,"caption":"yfagalde"},"logo":{"@id":"https:\/\/www.sap-formation.fr\/#\/schema\/person\/image\/"},"sameAs":["https:\/\/sap-formation.fr"]}]}},"_links":{"self":[{"href":"https:\/\/www.sap-formation.fr\/index.php\/wp-json\/wp\/v2\/pages\/59","targetHints":{"allow":["GET"]}}],"collection":[{"href":"https:\/\/www.sap-formation.fr\/index.php\/wp-json\/wp\/v2\/pages"}],"about":[{"href":"https:\/\/www.sap-formation.fr\/index.php\/wp-json\/wp\/v2\/types\/page"}],"author":[{"embeddable":true,"href":"https:\/\/www.sap-formation.fr\/index.php\/wp-json\/wp\/v2\/users\/1"}],"replies":[{"embeddable":true,"href":"https:\/\/www.sap-formation.fr\/index.php\/wp-json\/wp\/v2\/comments?post=59"}],"version-history":[{"count":2,"href":"https:\/\/www.sap-formation.fr\/index.php\/wp-json\/wp\/v2\/pages\/59\/revisions"}],"predecessor-version":[{"id":171,"href":"https:\/\/www.sap-formation.fr\/index.php\/wp-json\/wp\/v2\/pages\/59\/revisions\/171"}],"wp:attachment":[{"href":"https:\/\/www.sap-formation.fr\/index.php\/wp-json\/wp\/v2\/media?parent=59"}],"curies":[{"name":"wp","href":"https:\/\/api.w.org\/{rel}","templated":true}]}}