{"id":585,"date":"2025-08-29T09:19:32","date_gmt":"2025-08-29T07:19:32","guid":{"rendered":"https:\/\/www.sap-formation.fr\/?page_id=585"},"modified":"2025-08-29T11:00:19","modified_gmt":"2025-08-29T09:00:19","slug":"formations-sst-pyrennees-atlantiques-64brouillon-auto","status":"publish","type":"page","link":"https:\/\/www.sap-formation.fr\/index.php\/formations-sst-pyrennees-atlantiques-64brouillon-auto\/","title":{"rendered":"Formations SST \u2013 Pyr\u00e9n\u00e9es (64)"},"content":{"rendered":"\n<p>SAP Formation accompagne les entreprises et collectivit\u00e9s des <strong>Pyr\u00e9n\u00e9es-Atlantiques (64)<\/strong> dans la mise en place des formations <strong>SST<\/strong> et <strong>MAC SST<\/strong>.<br>Nous intervenons \u00e0 Pau, Bayonne, Biarritz, Saint-Jean-de-Luz et dans tout le d\u00e9partement.<\/p>\n\n\n\n<h3 class=\"wp-block-heading\">Nos formations SST dans le 64<\/h3>\n\n\n\n<ul class=\"wp-block-list\">\n<li>\u2705 Formation SST initiale.<\/li>\n\n\n\n<li>\u2705 MAC SST (mise \u00e0 jour des comp\u00e9tences tous les 2 ans).<\/li>\n<\/ul>\n\n\n\n<h3 class=\"wp-block-heading\">Nos atouts<\/h3>\n\n\n\n<ul class=\"wp-block-list\">\n<li>Formateurs exp\u00e9riment\u00e9s, p\u00e9dagogie active.<\/li>\n\n\n\n<li>Formations sur site ou en salle \u00e9quip\u00e9e.<\/li>\n\n\n\n<li>Certification INRS &amp; Qualiopi.<\/li>\n<\/ul>\n\n\n\n<p>\ud83d\udcde 09 83 51 38 11 \/ 06 16 15 39 26 \u2013 \ud83d\udce7 <a>sap.formation33@gmail.com<\/a><\/p>\n","protected":false},"excerpt":{"rendered":"<p>SAP Formation accompagne les entreprises et collectivit\u00e9s des Pyr\u00e9n\u00e9es-Atlantiques (64) dans la mise en place des formations SST et MAC SST.Nous intervenons \u00e0 Pau, Bayonne, Biarritz, Saint-Jean-de-Luz et dans tout le d\u00e9partement. Nos formations SST dans le 64 Nos atouts \ud83d\udcde 09 83 51 38 11 \/ 06 16 15 39 26 \u2013 \ud83d\udce7 sap.formation33@gmail.com<\/p>\n","protected":false},"author":1,"featured_media":0,"parent":0,"menu_order":0,"comment_status":"closed","ping_status":"closed","template":"","meta":{"footnotes":""},"class_list":["post-585","page","type-page","status-publish","hentry"],"yoast_head":"<!-- This site is optimized with the Yoast SEO plugin v25.8 - https:\/\/yoast.com\/wordpress\/plugins\/seo\/ -->\n<title>Formations SST \u2013 Pyr\u00e9n\u00e9es (64) - SAP-Formation<\/title>\n<meta name=\"description\" content=\"SAP Formation accompagne les entreprises et collectivit\u00e9s des Pyr\u00e9n\u00e9es-Atlantiques (64) dans la mise en place des formations SST et MAC SST.Nous intervenons \u00e0 Pau, Bayonne, Biarritz, Saint-Jean-de-Luz et dans tout le d\u00e9partement.Nos formations SST dans le 64\u2705 Formation SST initiale.\u2705 MAC SST (mise \u00e0 jour des comp\u00e9tences tous les 2 ans).Nos atoutsFormateurs exp\u00e9riment\u00e9s, p\u00e9dagogie active.Formation sur site ou en salle \u00e9quip\u00e9e.Certification INRS &amp; Qualiopi.\ud83d\udcde 09 83 51 38 11 \/ 06 16 15 39 26 \u2013 \ud83d\udce7 sap.formation33@gmail.com\" \/>\n<meta name=\"robots\" content=\"index, follow, max-snippet:-1, max-image-preview:large, max-video-preview:-1\" \/>\n<link rel=\"canonical\" href=\"https:\/\/www.sap-formation.fr\/index.php\/formations-sst-pyrennees-atlantiques-64brouillon-auto\/\" \/>\n<meta property=\"og:locale\" content=\"fr_FR\" \/>\n<meta property=\"og:type\" content=\"article\" \/>\n<meta property=\"og:title\" content=\"Formations SST \u2013 Pyr\u00e9n\u00e9es (64) - SAP-Formation\" \/>\n<meta property=\"og:description\" content=\"SAP Formation accompagne les entreprises et collectivit\u00e9s des Pyr\u00e9n\u00e9es-Atlantiques (64) dans la mise en place des formations SST et MAC SST.Nous intervenons \u00e0 Pau, Bayonne, Biarritz, Saint-Jean-de-Luz et dans tout le d\u00e9partement.Nos formations SST dans le 64\u2705 Formation SST initiale.\u2705 MAC SST (mise \u00e0 jour des comp\u00e9tences tous les 2 ans).Nos atoutsFormateurs exp\u00e9riment\u00e9s, p\u00e9dagogie active.Formation sur site ou en salle \u00e9quip\u00e9e.Certification INRS &amp; Qualiopi.\ud83d\udcde 09 83 51 38 11 \/ 06 16 15 39 26 \u2013 \ud83d\udce7 sap.formation33@gmail.com\" \/>\n<meta property=\"og:url\" content=\"https:\/\/www.sap-formation.fr\/index.php\/formations-sst-pyrennees-atlantiques-64brouillon-auto\/\" \/>\n<meta property=\"og:site_name\" content=\"SAP-Formation\" \/>\n<meta property=\"article:modified_time\" content=\"2025-08-29T09:00:19+00:00\" \/>\n<meta name=\"twitter:card\" content=\"summary_large_image\" \/>\n<meta name=\"twitter:label1\" content=\"Dur\u00e9e de lecture estim\u00e9e\" \/>\n\t<meta name=\"twitter:data1\" content=\"1 minute\" \/>\n<script type=\"application\/ld+json\" class=\"yoast-schema-graph\">{\"@context\":\"https:\/\/schema.org\",\"@graph\":[{\"@type\":\"WebPage\",\"@id\":\"https:\/\/www.sap-formation.fr\/index.php\/formations-sst-pyrennees-atlantiques-64brouillon-auto\/\",\"url\":\"https:\/\/www.sap-formation.fr\/index.php\/formations-sst-pyrennees-atlantiques-64brouillon-auto\/\",\"name\":\"Formations SST \u2013 Pyr\u00e9n\u00e9es (64) - SAP-Formation\",\"isPartOf\":{\"@id\":\"https:\/\/www.sap-formation.fr\/#website\"},\"datePublished\":\"2025-08-29T07:19:32+00:00\",\"dateModified\":\"2025-08-29T09:00:19+00:00\",\"description\":\"SAP Formation accompagne les entreprises et collectivit\u00e9s des Pyr\u00e9n\u00e9es-Atlantiques (64) dans la mise en place des formations SST et MAC SST.Nous intervenons \u00e0 Pau, Bayonne, Biarritz, Saint-Jean-de-Luz et dans tout le d\u00e9partement.Nos formations SST dans le 64\u2705 Formation SST initiale.\u2705 MAC SST (mise \u00e0 jour des comp\u00e9tences tous les 2 ans).Nos atoutsFormateurs exp\u00e9riment\u00e9s, p\u00e9dagogie active.Formation sur site ou en salle \u00e9quip\u00e9e.Certification INRS & Qualiopi.\ud83d\udcde 09 83 51 38 11 \/ 06 16 15 39 26 \u2013 \ud83d\udce7 sap.formation33@gmail.com\",\"breadcrumb\":{\"@id\":\"https:\/\/www.sap-formation.fr\/index.php\/formations-sst-pyrennees-atlantiques-64brouillon-auto\/#breadcrumb\"},\"inLanguage\":\"fr-FR\",\"potentialAction\":[{\"@type\":\"ReadAction\",\"target\":[\"https:\/\/www.sap-formation.fr\/index.php\/formations-sst-pyrennees-atlantiques-64brouillon-auto\/\"]}]},{\"@type\":\"BreadcrumbList\",\"@id\":\"https:\/\/www.sap-formation.fr\/index.php\/formations-sst-pyrennees-atlantiques-64brouillon-auto\/#breadcrumb\",\"itemListElement\":[{\"@type\":\"ListItem\",\"position\":1,\"name\":\"Accueil\",\"item\":\"https:\/\/www.sap-formation.fr\/\"},{\"@type\":\"ListItem\",\"position\":2,\"name\":\"Formations SST \u2013 Pyr\u00e9n\u00e9es (64)\"}]},{\"@type\":\"WebSite\",\"@id\":\"https:\/\/www.sap-formation.fr\/#website\",\"url\":\"https:\/\/www.sap-formation.fr\/\",\"name\":\"SAP-Formation\",\"description\":\"Formations SAP certifiantes\",\"publisher\":{\"@id\":\"https:\/\/www.sap-formation.fr\/#\/schema\/person\/3076231934e9156a43e60950274c1072\"},\"potentialAction\":[{\"@type\":\"SearchAction\",\"target\":{\"@type\":\"EntryPoint\",\"urlTemplate\":\"https:\/\/www.sap-formation.fr\/?s={search_term_string}\"},\"query-input\":{\"@type\":\"PropertyValueSpecification\",\"valueRequired\":true,\"valueName\":\"search_term_string\"}}],\"inLanguage\":\"fr-FR\"},{\"@type\":[\"Person\",\"Organization\"],\"@id\":\"https:\/\/www.sap-formation.fr\/#\/schema\/person\/3076231934e9156a43e60950274c1072\",\"name\":\"yfagalde\",\"image\":{\"@type\":\"ImageObject\",\"inLanguage\":\"fr-FR\",\"@id\":\"https:\/\/www.sap-formation.fr\/#\/schema\/person\/image\/\",\"url\":\"https:\/\/www.sap-formation.fr\/wp-content\/uploads\/2022\/11\/cropped-logo-1-1.png\",\"contentUrl\":\"https:\/\/www.sap-formation.fr\/wp-content\/uploads\/2022\/11\/cropped-logo-1-1.png\",\"width\":286,\"height\":176,\"caption\":\"yfagalde\"},\"logo\":{\"@id\":\"https:\/\/www.sap-formation.fr\/#\/schema\/person\/image\/\"},\"sameAs\":[\"https:\/\/sap-formation.fr\"]}]}<\/script>\n<!-- \/ Yoast SEO plugin. -->","yoast_head_json":{"title":"Formations SST \u2013 Pyr\u00e9n\u00e9es (64) - SAP-Formation","description":"SAP Formation accompagne les entreprises et collectivit\u00e9s des Pyr\u00e9n\u00e9es-Atlantiques (64) dans la mise en place des formations SST et MAC SST.Nous intervenons \u00e0 Pau, Bayonne, Biarritz, Saint-Jean-de-Luz et dans tout le d\u00e9partement.Nos formations SST dans le 64\u2705 Formation SST initiale.\u2705 MAC SST (mise \u00e0 jour des comp\u00e9tences tous les 2 ans).Nos atoutsFormateurs exp\u00e9riment\u00e9s, p\u00e9dagogie active.Formation sur site ou en salle \u00e9quip\u00e9e.Certification INRS & Qualiopi.\ud83d\udcde 09 83 51 38 11 \/ 06 16 15 39 26 \u2013 \ud83d\udce7 sap.formation33@gmail.com","robots":{"index":"index","follow":"follow","max-snippet":"max-snippet:-1","max-image-preview":"max-image-preview:large","max-video-preview":"max-video-preview:-1"},"canonical":"https:\/\/www.sap-formation.fr\/index.php\/formations-sst-pyrennees-atlantiques-64brouillon-auto\/","og_locale":"fr_FR","og_type":"article","og_title":"Formations SST \u2013 Pyr\u00e9n\u00e9es (64) - SAP-Formation","og_description":"SAP Formation accompagne les entreprises et collectivit\u00e9s des Pyr\u00e9n\u00e9es-Atlantiques (64) dans la mise en place des formations SST et MAC SST.Nous intervenons \u00e0 Pau, Bayonne, Biarritz, Saint-Jean-de-Luz et dans tout le d\u00e9partement.Nos formations SST dans le 64\u2705 Formation SST initiale.\u2705 MAC SST (mise \u00e0 jour des comp\u00e9tences tous les 2 ans).Nos atoutsFormateurs exp\u00e9riment\u00e9s, p\u00e9dagogie active.Formation sur site ou en salle \u00e9quip\u00e9e.Certification INRS & Qualiopi.\ud83d\udcde 09 83 51 38 11 \/ 06 16 15 39 26 \u2013 \ud83d\udce7 sap.formation33@gmail.com","og_url":"https:\/\/www.sap-formation.fr\/index.php\/formations-sst-pyrennees-atlantiques-64brouillon-auto\/","og_site_name":"SAP-Formation","article_modified_time":"2025-08-29T09:00:19+00:00","twitter_card":"summary_large_image","twitter_misc":{"Dur\u00e9e de lecture estim\u00e9e":"1 minute"},"schema":{"@context":"https:\/\/schema.org","@graph":[{"@type":"WebPage","@id":"https:\/\/www.sap-formation.fr\/index.php\/formations-sst-pyrennees-atlantiques-64brouillon-auto\/","url":"https:\/\/www.sap-formation.fr\/index.php\/formations-sst-pyrennees-atlantiques-64brouillon-auto\/","name":"Formations SST \u2013 Pyr\u00e9n\u00e9es (64) - SAP-Formation","isPartOf":{"@id":"https:\/\/www.sap-formation.fr\/#website"},"datePublished":"2025-08-29T07:19:32+00:00","dateModified":"2025-08-29T09:00:19+00:00","description":"SAP Formation accompagne les entreprises et collectivit\u00e9s des Pyr\u00e9n\u00e9es-Atlantiques (64) dans la mise en place des formations SST et MAC SST.Nous intervenons \u00e0 Pau, Bayonne, Biarritz, Saint-Jean-de-Luz et dans tout le d\u00e9partement.Nos formations SST dans le 64\u2705 Formation SST initiale.\u2705 MAC SST (mise \u00e0 jour des comp\u00e9tences tous les 2 ans).Nos atoutsFormateurs exp\u00e9riment\u00e9s, p\u00e9dagogie active.Formation sur site ou en salle \u00e9quip\u00e9e.Certification INRS & Qualiopi.\ud83d\udcde 09 83 51 38 11 \/ 06 16 15 39 26 \u2013 \ud83d\udce7 sap.formation33@gmail.com","breadcrumb":{"@id":"https:\/\/www.sap-formation.fr\/index.php\/formations-sst-pyrennees-atlantiques-64brouillon-auto\/#breadcrumb"},"inLanguage":"fr-FR","potentialAction":[{"@type":"ReadAction","target":["https:\/\/www.sap-formation.fr\/index.php\/formations-sst-pyrennees-atlantiques-64brouillon-auto\/"]}]},{"@type":"BreadcrumbList","@id":"https:\/\/www.sap-formation.fr\/index.php\/formations-sst-pyrennees-atlantiques-64brouillon-auto\/#breadcrumb","itemListElement":[{"@type":"ListItem","position":1,"name":"Accueil","item":"https:\/\/www.sap-formation.fr\/"},{"@type":"ListItem","position":2,"name":"Formations SST \u2013 Pyr\u00e9n\u00e9es (64)"}]},{"@type":"WebSite","@id":"https:\/\/www.sap-formation.fr\/#website","url":"https:\/\/www.sap-formation.fr\/","name":"SAP-Formation","description":"Formations SAP certifiantes","publisher":{"@id":"https:\/\/www.sap-formation.fr\/#\/schema\/person\/3076231934e9156a43e60950274c1072"},"potentialAction":[{"@type":"SearchAction","target":{"@type":"EntryPoint","urlTemplate":"https:\/\/www.sap-formation.fr\/?s={search_term_string}"},"query-input":{"@type":"PropertyValueSpecification","valueRequired":true,"valueName":"search_term_string"}}],"inLanguage":"fr-FR"},{"@type":["Person","Organization"],"@id":"https:\/\/www.sap-formation.fr\/#\/schema\/person\/3076231934e9156a43e60950274c1072","name":"yfagalde","image":{"@type":"ImageObject","inLanguage":"fr-FR","@id":"https:\/\/www.sap-formation.fr\/#\/schema\/person\/image\/","url":"https:\/\/www.sap-formation.fr\/wp-content\/uploads\/2022\/11\/cropped-logo-1-1.png","contentUrl":"https:\/\/www.sap-formation.fr\/wp-content\/uploads\/2022\/11\/cropped-logo-1-1.png","width":286,"height":176,"caption":"yfagalde"},"logo":{"@id":"https:\/\/www.sap-formation.fr\/#\/schema\/person\/image\/"},"sameAs":["https:\/\/sap-formation.fr"]}]}},"_links":{"self":[{"href":"https:\/\/www.sap-formation.fr\/index.php\/wp-json\/wp\/v2\/pages\/585","targetHints":{"allow":["GET"]}}],"collection":[{"href":"https:\/\/www.sap-formation.fr\/index.php\/wp-json\/wp\/v2\/pages"}],"about":[{"href":"https:\/\/www.sap-formation.fr\/index.php\/wp-json\/wp\/v2\/types\/page"}],"author":[{"embeddable":true,"href":"https:\/\/www.sap-formation.fr\/index.php\/wp-json\/wp\/v2\/users\/1"}],"replies":[{"embeddable":true,"href":"https:\/\/www.sap-formation.fr\/index.php\/wp-json\/wp\/v2\/comments?post=585"}],"version-history":[{"count":2,"href":"https:\/\/www.sap-formation.fr\/index.php\/wp-json\/wp\/v2\/pages\/585\/revisions"}],"predecessor-version":[{"id":603,"href":"https:\/\/www.sap-formation.fr\/index.php\/wp-json\/wp\/v2\/pages\/585\/revisions\/603"}],"wp:attachment":[{"href":"https:\/\/www.sap-formation.fr\/index.php\/wp-json\/wp\/v2\/media?parent=585"}],"curies":[{"name":"wp","href":"https:\/\/api.w.org\/{rel}","templated":true}]}}