{"id":582,"date":"2025-08-28T14:19:20","date_gmt":"2025-08-28T12:19:20","guid":{"rendered":"https:\/\/www.sap-formation.fr\/?page_id=582"},"modified":"2025-08-28T14:19:20","modified_gmt":"2025-08-28T12:19:20","slug":"premiers-secours-enfants-et-nourrissons-pyrenees-atlantiques-64","status":"publish","type":"page","link":"https:\/\/www.sap-formation.fr\/index.php\/premiers-secours-enfants-et-nourrissons-pyrenees-atlantiques-64\/","title":{"rendered":"Premiers secours enfants &amp; nourrissons \u2013 Pyr\u00e9n\u00e9es-Atlantiques"},"content":{"rendered":"\n<p>SAP Formation forme aux <strong>gestes de premiers secours chez les enfants et les nourrissons<\/strong> en <strong>Pyr\u00e9n\u00e9es-Atlantiques (64)<\/strong> : Pau, Bayonne, Biarritz, Saint-Jean-de-Luz\u2026<\/p>\n\n\n\n<h3 class=\"wp-block-heading\">Objectifs de la formation<\/h3>\n\n\n\n<ul class=\"wp-block-list\">\n<li>\ud83d\udc76 Conduite \u00e0 tenir face \u00e0 un \u00e9touffement.<\/li>\n\n\n\n<li>\ud83d\udc76 RCP adapt\u00e9e b\u00e9b\u00e9 et enfant.<\/li>\n\n\n\n<li>\ud83d\udc76 Gestes d\u2019urgence face aux accidents domestiques.<\/li>\n<\/ul>\n\n\n\n<h3 class=\"wp-block-heading\">Public concern\u00e9<\/h3>\n\n\n\n<ul class=\"wp-block-list\">\n<li>Structures petite enfance.<\/li>\n\n\n\n<li>Parents et professionnels de sant\u00e9.<\/li>\n\n\n\n<li>Associations et collectivit\u00e9s.<\/li>\n<\/ul>\n\n\n\n<p>\ud83d\udcde 09 83 51 38 11 \/ 06 16 15 39 26 \u2013 \ud83d\udce7 <a>sap.formation33@gmail.com<\/a><\/p>\n","protected":false},"excerpt":{"rendered":"<p>SAP Formation forme aux gestes de premiers secours chez les enfants et les nourrissons en Pyr\u00e9n\u00e9es-Atlantiques (64) : Pau, Bayonne, Biarritz, Saint-Jean-de-Luz\u2026 Objectifs de la formation Public concern\u00e9 \ud83d\udcde 09 83 51 38 11 \/ 06 16 15 39 26 \u2013 \ud83d\udce7 sap.formation33@gmail.com<\/p>\n","protected":false},"author":1,"featured_media":0,"parent":0,"menu_order":0,"comment_status":"closed","ping_status":"closed","template":"","meta":{"footnotes":""},"class_list":["post-582","page","type-page","status-publish","hentry"],"yoast_head":"<!-- This site is optimized with the Yoast SEO plugin v25.8 - https:\/\/yoast.com\/wordpress\/plugins\/seo\/ -->\n<title>Premiers secours enfants &amp; nourrissons \u2013 Pyr\u00e9n\u00e9es-Atlantiques - SAP-Formation<\/title>\n<meta name=\"description\" content=\"SAP Formation forme aux gestes de premiers secours chez les enfants et les nourrissons en Pyr\u00e9n\u00e9es-Atlantiques (64) : Pau, Bayonne, Biarritz, Saint-Jean-de-Luz\u2026Objectifs de la formation\ud83d\udc76 Conduite \u00e0 tenir face \u00e0 un \u00e9touffement.\ud83d\udc76 RCP adapt\u00e9e b\u00e9b\u00e9 et enfant.\ud83d\udc76 Gestes d\u2019urgence face aux accidents domestiques.Public concern\u00e9Structures petite enfance.Parents et professionnels de sant\u00e9.Associations et collectivit\u00e9s.\ud83d\udcde 09 83 51 38 11 \/ 06 16 15 39 26 \u2013 \ud83d\udce7 sap.formation33@gmail\" \/>\n<meta name=\"robots\" content=\"index, follow, max-snippet:-1, max-image-preview:large, max-video-preview:-1\" \/>\n<link rel=\"canonical\" href=\"https:\/\/www.sap-formation.fr\/index.php\/premiers-secours-enfants-et-nourrissons-pyrenees-atlantiques-64\/\" \/>\n<meta property=\"og:locale\" content=\"fr_FR\" \/>\n<meta property=\"og:type\" content=\"article\" \/>\n<meta property=\"og:title\" content=\"Premiers secours enfants &amp; nourrissons \u2013 Pyr\u00e9n\u00e9es-Atlantiques - SAP-Formation\" \/>\n<meta property=\"og:description\" content=\"SAP Formation forme aux gestes de premiers secours chez les enfants et les nourrissons en Pyr\u00e9n\u00e9es-Atlantiques (64) : Pau, Bayonne, Biarritz, Saint-Jean-de-Luz\u2026Objectifs de la formation\ud83d\udc76 Conduite \u00e0 tenir face \u00e0 un \u00e9touffement.\ud83d\udc76 RCP adapt\u00e9e b\u00e9b\u00e9 et enfant.\ud83d\udc76 Gestes d\u2019urgence face aux accidents domestiques.Public concern\u00e9Structures petite enfance.Parents et professionnels de sant\u00e9.Associations et collectivit\u00e9s.\ud83d\udcde 09 83 51 38 11 \/ 06 16 15 39 26 \u2013 \ud83d\udce7 sap.formation33@gmail\" \/>\n<meta property=\"og:url\" content=\"https:\/\/www.sap-formation.fr\/index.php\/premiers-secours-enfants-et-nourrissons-pyrenees-atlantiques-64\/\" \/>\n<meta property=\"og:site_name\" content=\"SAP-Formation\" \/>\n<meta name=\"twitter:card\" content=\"summary_large_image\" \/>\n<meta name=\"twitter:label1\" content=\"Dur\u00e9e de lecture estim\u00e9e\" \/>\n\t<meta name=\"twitter:data1\" content=\"1 minute\" \/>\n<script type=\"application\/ld+json\" class=\"yoast-schema-graph\">{\"@context\":\"https:\/\/schema.org\",\"@graph\":[{\"@type\":\"WebPage\",\"@id\":\"https:\/\/www.sap-formation.fr\/index.php\/premiers-secours-enfants-et-nourrissons-pyrenees-atlantiques-64\/\",\"url\":\"https:\/\/www.sap-formation.fr\/index.php\/premiers-secours-enfants-et-nourrissons-pyrenees-atlantiques-64\/\",\"name\":\"Premiers secours enfants &amp; nourrissons \u2013 Pyr\u00e9n\u00e9es-Atlantiques - SAP-Formation\",\"isPartOf\":{\"@id\":\"https:\/\/www.sap-formation.fr\/#website\"},\"datePublished\":\"2025-08-28T12:19:20+00:00\",\"description\":\"SAP Formation forme aux gestes de premiers secours chez les enfants et les nourrissons en Pyr\u00e9n\u00e9es-Atlantiques (64) : Pau, Bayonne, Biarritz, Saint-Jean-de-Luz\u2026Objectifs de la formation\ud83d\udc76 Conduite \u00e0 tenir face \u00e0 un \u00e9touffement.\ud83d\udc76 RCP adapt\u00e9e b\u00e9b\u00e9 et enfant.\ud83d\udc76 Gestes d\u2019urgence face aux accidents domestiques.Public concern\u00e9Structures petite enfance.Parents et professionnels de sant\u00e9.Associations et collectivit\u00e9s.\ud83d\udcde 09 83 51 38 11 \/ 06 16 15 39 26 \u2013 \ud83d\udce7 sap.formation33@gmail\",\"breadcrumb\":{\"@id\":\"https:\/\/www.sap-formation.fr\/index.php\/premiers-secours-enfants-et-nourrissons-pyrenees-atlantiques-64\/#breadcrumb\"},\"inLanguage\":\"fr-FR\",\"potentialAction\":[{\"@type\":\"ReadAction\",\"target\":[\"https:\/\/www.sap-formation.fr\/index.php\/premiers-secours-enfants-et-nourrissons-pyrenees-atlantiques-64\/\"]}]},{\"@type\":\"BreadcrumbList\",\"@id\":\"https:\/\/www.sap-formation.fr\/index.php\/premiers-secours-enfants-et-nourrissons-pyrenees-atlantiques-64\/#breadcrumb\",\"itemListElement\":[{\"@type\":\"ListItem\",\"position\":1,\"name\":\"Accueil\",\"item\":\"https:\/\/www.sap-formation.fr\/\"},{\"@type\":\"ListItem\",\"position\":2,\"name\":\"Premiers secours enfants &amp; nourrissons \u2013 Pyr\u00e9n\u00e9es-Atlantiques\"}]},{\"@type\":\"WebSite\",\"@id\":\"https:\/\/www.sap-formation.fr\/#website\",\"url\":\"https:\/\/www.sap-formation.fr\/\",\"name\":\"SAP-Formation\",\"description\":\"Formations SAP certifiantes\",\"publisher\":{\"@id\":\"https:\/\/www.sap-formation.fr\/#\/schema\/person\/3076231934e9156a43e60950274c1072\"},\"potentialAction\":[{\"@type\":\"SearchAction\",\"target\":{\"@type\":\"EntryPoint\",\"urlTemplate\":\"https:\/\/www.sap-formation.fr\/?s={search_term_string}\"},\"query-input\":{\"@type\":\"PropertyValueSpecification\",\"valueRequired\":true,\"valueName\":\"search_term_string\"}}],\"inLanguage\":\"fr-FR\"},{\"@type\":[\"Person\",\"Organization\"],\"@id\":\"https:\/\/www.sap-formation.fr\/#\/schema\/person\/3076231934e9156a43e60950274c1072\",\"name\":\"yfagalde\",\"image\":{\"@type\":\"ImageObject\",\"inLanguage\":\"fr-FR\",\"@id\":\"https:\/\/www.sap-formation.fr\/#\/schema\/person\/image\/\",\"url\":\"https:\/\/www.sap-formation.fr\/wp-content\/uploads\/2022\/11\/cropped-logo-1-1.png\",\"contentUrl\":\"https:\/\/www.sap-formation.fr\/wp-content\/uploads\/2022\/11\/cropped-logo-1-1.png\",\"width\":286,\"height\":176,\"caption\":\"yfagalde\"},\"logo\":{\"@id\":\"https:\/\/www.sap-formation.fr\/#\/schema\/person\/image\/\"},\"sameAs\":[\"https:\/\/sap-formation.fr\"]}]}<\/script>\n<!-- \/ Yoast SEO plugin. -->","yoast_head_json":{"title":"Premiers secours enfants &amp; nourrissons \u2013 Pyr\u00e9n\u00e9es-Atlantiques - SAP-Formation","description":"SAP Formation forme aux gestes de premiers secours chez les enfants et les nourrissons en Pyr\u00e9n\u00e9es-Atlantiques (64) : Pau, Bayonne, Biarritz, Saint-Jean-de-Luz\u2026Objectifs de la formation\ud83d\udc76 Conduite \u00e0 tenir face \u00e0 un \u00e9touffement.\ud83d\udc76 RCP adapt\u00e9e b\u00e9b\u00e9 et enfant.\ud83d\udc76 Gestes d\u2019urgence face aux accidents domestiques.Public concern\u00e9Structures petite enfance.Parents et professionnels de sant\u00e9.Associations et collectivit\u00e9s.\ud83d\udcde 09 83 51 38 11 \/ 06 16 15 39 26 \u2013 \ud83d\udce7 sap.formation33@gmail","robots":{"index":"index","follow":"follow","max-snippet":"max-snippet:-1","max-image-preview":"max-image-preview:large","max-video-preview":"max-video-preview:-1"},"canonical":"https:\/\/www.sap-formation.fr\/index.php\/premiers-secours-enfants-et-nourrissons-pyrenees-atlantiques-64\/","og_locale":"fr_FR","og_type":"article","og_title":"Premiers secours enfants &amp; nourrissons \u2013 Pyr\u00e9n\u00e9es-Atlantiques - SAP-Formation","og_description":"SAP Formation forme aux gestes de premiers secours chez les enfants et les nourrissons en Pyr\u00e9n\u00e9es-Atlantiques (64) : Pau, Bayonne, Biarritz, Saint-Jean-de-Luz\u2026Objectifs de la formation\ud83d\udc76 Conduite \u00e0 tenir face \u00e0 un \u00e9touffement.\ud83d\udc76 RCP adapt\u00e9e b\u00e9b\u00e9 et enfant.\ud83d\udc76 Gestes d\u2019urgence face aux accidents domestiques.Public concern\u00e9Structures petite enfance.Parents et professionnels de sant\u00e9.Associations et collectivit\u00e9s.\ud83d\udcde 09 83 51 38 11 \/ 06 16 15 39 26 \u2013 \ud83d\udce7 sap.formation33@gmail","og_url":"https:\/\/www.sap-formation.fr\/index.php\/premiers-secours-enfants-et-nourrissons-pyrenees-atlantiques-64\/","og_site_name":"SAP-Formation","twitter_card":"summary_large_image","twitter_misc":{"Dur\u00e9e de lecture estim\u00e9e":"1 minute"},"schema":{"@context":"https:\/\/schema.org","@graph":[{"@type":"WebPage","@id":"https:\/\/www.sap-formation.fr\/index.php\/premiers-secours-enfants-et-nourrissons-pyrenees-atlantiques-64\/","url":"https:\/\/www.sap-formation.fr\/index.php\/premiers-secours-enfants-et-nourrissons-pyrenees-atlantiques-64\/","name":"Premiers secours enfants &amp; nourrissons \u2013 Pyr\u00e9n\u00e9es-Atlantiques - SAP-Formation","isPartOf":{"@id":"https:\/\/www.sap-formation.fr\/#website"},"datePublished":"2025-08-28T12:19:20+00:00","description":"SAP Formation forme aux gestes de premiers secours chez les enfants et les nourrissons en Pyr\u00e9n\u00e9es-Atlantiques (64) : Pau, Bayonne, Biarritz, Saint-Jean-de-Luz\u2026Objectifs de la formation\ud83d\udc76 Conduite \u00e0 tenir face \u00e0 un \u00e9touffement.\ud83d\udc76 RCP adapt\u00e9e b\u00e9b\u00e9 et enfant.\ud83d\udc76 Gestes d\u2019urgence face aux accidents domestiques.Public concern\u00e9Structures petite enfance.Parents et professionnels de sant\u00e9.Associations et collectivit\u00e9s.\ud83d\udcde 09 83 51 38 11 \/ 06 16 15 39 26 \u2013 \ud83d\udce7 sap.formation33@gmail","breadcrumb":{"@id":"https:\/\/www.sap-formation.fr\/index.php\/premiers-secours-enfants-et-nourrissons-pyrenees-atlantiques-64\/#breadcrumb"},"inLanguage":"fr-FR","potentialAction":[{"@type":"ReadAction","target":["https:\/\/www.sap-formation.fr\/index.php\/premiers-secours-enfants-et-nourrissons-pyrenees-atlantiques-64\/"]}]},{"@type":"BreadcrumbList","@id":"https:\/\/www.sap-formation.fr\/index.php\/premiers-secours-enfants-et-nourrissons-pyrenees-atlantiques-64\/#breadcrumb","itemListElement":[{"@type":"ListItem","position":1,"name":"Accueil","item":"https:\/\/www.sap-formation.fr\/"},{"@type":"ListItem","position":2,"name":"Premiers secours enfants &amp; nourrissons \u2013 Pyr\u00e9n\u00e9es-Atlantiques"}]},{"@type":"WebSite","@id":"https:\/\/www.sap-formation.fr\/#website","url":"https:\/\/www.sap-formation.fr\/","name":"SAP-Formation","description":"Formations SAP certifiantes","publisher":{"@id":"https:\/\/www.sap-formation.fr\/#\/schema\/person\/3076231934e9156a43e60950274c1072"},"potentialAction":[{"@type":"SearchAction","target":{"@type":"EntryPoint","urlTemplate":"https:\/\/www.sap-formation.fr\/?s={search_term_string}"},"query-input":{"@type":"PropertyValueSpecification","valueRequired":true,"valueName":"search_term_string"}}],"inLanguage":"fr-FR"},{"@type":["Person","Organization"],"@id":"https:\/\/www.sap-formation.fr\/#\/schema\/person\/3076231934e9156a43e60950274c1072","name":"yfagalde","image":{"@type":"ImageObject","inLanguage":"fr-FR","@id":"https:\/\/www.sap-formation.fr\/#\/schema\/person\/image\/","url":"https:\/\/www.sap-formation.fr\/wp-content\/uploads\/2022\/11\/cropped-logo-1-1.png","contentUrl":"https:\/\/www.sap-formation.fr\/wp-content\/uploads\/2022\/11\/cropped-logo-1-1.png","width":286,"height":176,"caption":"yfagalde"},"logo":{"@id":"https:\/\/www.sap-formation.fr\/#\/schema\/person\/image\/"},"sameAs":["https:\/\/sap-formation.fr"]}]}},"_links":{"self":[{"href":"https:\/\/www.sap-formation.fr\/index.php\/wp-json\/wp\/v2\/pages\/582","targetHints":{"allow":["GET"]}}],"collection":[{"href":"https:\/\/www.sap-formation.fr\/index.php\/wp-json\/wp\/v2\/pages"}],"about":[{"href":"https:\/\/www.sap-formation.fr\/index.php\/wp-json\/wp\/v2\/types\/page"}],"author":[{"embeddable":true,"href":"https:\/\/www.sap-formation.fr\/index.php\/wp-json\/wp\/v2\/users\/1"}],"replies":[{"embeddable":true,"href":"https:\/\/www.sap-formation.fr\/index.php\/wp-json\/wp\/v2\/comments?post=582"}],"version-history":[{"count":1,"href":"https:\/\/www.sap-formation.fr\/index.php\/wp-json\/wp\/v2\/pages\/582\/revisions"}],"predecessor-version":[{"id":583,"href":"https:\/\/www.sap-formation.fr\/index.php\/wp-json\/wp\/v2\/pages\/582\/revisions\/583"}],"wp:attachment":[{"href":"https:\/\/www.sap-formation.fr\/index.php\/wp-json\/wp\/v2\/media?parent=582"}],"curies":[{"name":"wp","href":"https:\/\/api.w.org\/{rel}","templated":true}]}}