{"id":578,"date":"2025-08-28T14:12:45","date_gmt":"2025-08-28T12:12:45","guid":{"rendered":"https:\/\/www.sap-formation.fr\/?page_id=578"},"modified":"2025-08-28T14:12:46","modified_gmt":"2025-08-28T12:12:46","slug":"premiers-secours-enfant-et-nourisson-gironde-33","status":"publish","type":"page","link":"https:\/\/www.sap-formation.fr\/index.php\/premiers-secours-enfant-et-nourisson-gironde-33\/","title":{"rendered":"Premiers secours enfants &amp; nourrissons \u2013 Gironde (33)"},"content":{"rendered":"\n<p>Premiers secours enfants &amp; nourrissons en Gironde (33) \u2013 SAP Formation<\/p>\n\n\n\n<h2 class=\"wp-block-heading\">Texte :<\/h2>\n\n\n\n<p>La s\u00e9curit\u00e9 des enfants est une priorit\u00e9.<br>SAP Formation propose des <strong>formations premiers secours p\u00e9diatriques<\/strong> en <strong>Gironde (33)<\/strong> : Bordeaux, Arcachon, Libourne, Langon.<\/p>\n\n\n\n<h3 class=\"wp-block-heading\">Programme<\/h3>\n\n\n\n<ul class=\"wp-block-list\">\n<li>\ud83d\udc76 R\u00e9agir face \u00e0 un \u00e9touffement.<\/li>\n\n\n\n<li>\ud83d\udc76 R\u00e9animation cardio-pulmonaire (RCP) b\u00e9b\u00e9 &amp; enfant.<\/li>\n\n\n\n<li>\ud83d\udc76 Conduite \u00e0 tenir en cas d\u2019accident domestique, chute ou malaise.<\/li>\n<\/ul>\n\n\n\n<h3 class=\"wp-block-heading\">Public<\/h3>\n\n\n\n<ul class=\"wp-block-list\">\n<li>Cr\u00e8ches, MAM, RPE, \u00e9coles.<\/li>\n\n\n\n<li>Parents et assistantes maternelles.<\/li>\n\n\n\n<li>Collectivit\u00e9s et associations.<\/li>\n<\/ul>\n\n\n\n<p>\ud83d\udcde 09 83 51 38 11 \/ 06 16 15 39 26 \u2013 \ud83d\udce7 <a>sap.formation33@gmail.com<\/a><\/p>\n","protected":false},"excerpt":{"rendered":"<p>Premiers secours enfants &amp; nourrissons en Gironde (33) \u2013 SAP Formation Texte : La s\u00e9curit\u00e9 des enfants est une priorit\u00e9.SAP Formation propose des formations premiers secours p\u00e9diatriques en Gironde (33) : Bordeaux, Arcachon, Libourne, Langon. Programme Public \ud83d\udcde 09 83 51 38 11 \/ 06 16 15 39 26 \u2013 \ud83d\udce7 sap.formation33@gmail.com<\/p>\n","protected":false},"author":1,"featured_media":0,"parent":0,"menu_order":0,"comment_status":"closed","ping_status":"closed","template":"","meta":{"footnotes":""},"class_list":["post-578","page","type-page","status-publish","hentry"],"yoast_head":"<!-- This site is optimized with the Yoast SEO plugin v25.8 - https:\/\/yoast.com\/wordpress\/plugins\/seo\/ -->\n<title>Premiers secours enfants &amp; nourrissons \u2013 Gironde (33) - SAP-Formation<\/title>\n<meta name=\"description\" content=\"Premiers secours enfants &amp; nourrissons en Gironde (33) \u2013 SAP FormationTexte :La s\u00e9curit\u00e9 des enfants est une priorit\u00e9.SAP Formation propose des formations premiers secours p\u00e9diatriques en Gironde (33) : Bordeaux, Arcachon, Libourne, Langon.Programme\ud83d\udc76 R\u00e9agir face \u00e0 un \u00e9touffement.\ud83d\udc76 R\u00e9animation cardio-pulmonaire (RCP) b\u00e9b\u00e9 &amp; enfant.\ud83d\udc76 Conduite \u00e0 tenir en cas d\u2019accident domestique, chute ou malaise.PublicCr\u00e8ches, MAM, RPE, \u00e9coles.Parents et assistantes maternelles.Collectivit\u00e9s et associations.\ud83d\udcde 09 83 51 38 11 \/ 06 16 15 39 26 \u2013 \ud83d\udce7 sap\" \/>\n<meta name=\"robots\" content=\"index, follow, max-snippet:-1, max-image-preview:large, max-video-preview:-1\" \/>\n<link rel=\"canonical\" href=\"https:\/\/www.sap-formation.fr\/index.php\/premiers-secours-enfant-et-nourisson-gironde-33\/\" \/>\n<meta property=\"og:locale\" content=\"fr_FR\" \/>\n<meta property=\"og:type\" content=\"article\" \/>\n<meta property=\"og:title\" content=\"Premiers secours enfants &amp; nourrissons \u2013 Gironde (33) - SAP-Formation\" \/>\n<meta property=\"og:description\" content=\"Premiers secours enfants &amp; nourrissons en Gironde (33) \u2013 SAP FormationTexte :La s\u00e9curit\u00e9 des enfants est une priorit\u00e9.SAP Formation propose des formations premiers secours p\u00e9diatriques en Gironde (33) : Bordeaux, Arcachon, Libourne, Langon.Programme\ud83d\udc76 R\u00e9agir face \u00e0 un \u00e9touffement.\ud83d\udc76 R\u00e9animation cardio-pulmonaire (RCP) b\u00e9b\u00e9 &amp; enfant.\ud83d\udc76 Conduite \u00e0 tenir en cas d\u2019accident domestique, chute ou malaise.PublicCr\u00e8ches, MAM, RPE, \u00e9coles.Parents et assistantes maternelles.Collectivit\u00e9s et associations.\ud83d\udcde 09 83 51 38 11 \/ 06 16 15 39 26 \u2013 \ud83d\udce7 sap\" \/>\n<meta property=\"og:url\" content=\"https:\/\/www.sap-formation.fr\/index.php\/premiers-secours-enfant-et-nourisson-gironde-33\/\" \/>\n<meta property=\"og:site_name\" content=\"SAP-Formation\" \/>\n<meta property=\"article:modified_time\" content=\"2025-08-28T12:12:46+00:00\" \/>\n<meta name=\"twitter:card\" content=\"summary_large_image\" \/>\n<meta name=\"twitter:label1\" content=\"Dur\u00e9e de lecture estim\u00e9e\" \/>\n\t<meta name=\"twitter:data1\" content=\"1 minute\" \/>\n<script type=\"application\/ld+json\" class=\"yoast-schema-graph\">{\"@context\":\"https:\/\/schema.org\",\"@graph\":[{\"@type\":\"WebPage\",\"@id\":\"https:\/\/www.sap-formation.fr\/index.php\/premiers-secours-enfant-et-nourisson-gironde-33\/\",\"url\":\"https:\/\/www.sap-formation.fr\/index.php\/premiers-secours-enfant-et-nourisson-gironde-33\/\",\"name\":\"Premiers secours enfants &amp; nourrissons \u2013 Gironde (33) - SAP-Formation\",\"isPartOf\":{\"@id\":\"https:\/\/www.sap-formation.fr\/#website\"},\"datePublished\":\"2025-08-28T12:12:45+00:00\",\"dateModified\":\"2025-08-28T12:12:46+00:00\",\"description\":\"Premiers secours enfants & nourrissons en Gironde (33) \u2013 SAP FormationTexte :La s\u00e9curit\u00e9 des enfants est une priorit\u00e9.SAP Formation propose des formations premiers secours p\u00e9diatriques en Gironde (33) : Bordeaux, Arcachon, Libourne, Langon.Programme\ud83d\udc76 R\u00e9agir face \u00e0 un \u00e9touffement.\ud83d\udc76 R\u00e9animation cardio-pulmonaire (RCP) b\u00e9b\u00e9 & enfant.\ud83d\udc76 Conduite \u00e0 tenir en cas d\u2019accident domestique, chute ou malaise.PublicCr\u00e8ches, MAM, RPE, \u00e9coles.Parents et assistantes maternelles.Collectivit\u00e9s et associations.\ud83d\udcde 09 83 51 38 11 \/ 06 16 15 39 26 \u2013 \ud83d\udce7 sap\",\"breadcrumb\":{\"@id\":\"https:\/\/www.sap-formation.fr\/index.php\/premiers-secours-enfant-et-nourisson-gironde-33\/#breadcrumb\"},\"inLanguage\":\"fr-FR\",\"potentialAction\":[{\"@type\":\"ReadAction\",\"target\":[\"https:\/\/www.sap-formation.fr\/index.php\/premiers-secours-enfant-et-nourisson-gironde-33\/\"]}]},{\"@type\":\"BreadcrumbList\",\"@id\":\"https:\/\/www.sap-formation.fr\/index.php\/premiers-secours-enfant-et-nourisson-gironde-33\/#breadcrumb\",\"itemListElement\":[{\"@type\":\"ListItem\",\"position\":1,\"name\":\"Accueil\",\"item\":\"https:\/\/www.sap-formation.fr\/\"},{\"@type\":\"ListItem\",\"position\":2,\"name\":\"Premiers secours enfants &amp; nourrissons \u2013 Gironde (33)\"}]},{\"@type\":\"WebSite\",\"@id\":\"https:\/\/www.sap-formation.fr\/#website\",\"url\":\"https:\/\/www.sap-formation.fr\/\",\"name\":\"SAP-Formation\",\"description\":\"Formations SAP certifiantes\",\"publisher\":{\"@id\":\"https:\/\/www.sap-formation.fr\/#\/schema\/person\/3076231934e9156a43e60950274c1072\"},\"potentialAction\":[{\"@type\":\"SearchAction\",\"target\":{\"@type\":\"EntryPoint\",\"urlTemplate\":\"https:\/\/www.sap-formation.fr\/?s={search_term_string}\"},\"query-input\":{\"@type\":\"PropertyValueSpecification\",\"valueRequired\":true,\"valueName\":\"search_term_string\"}}],\"inLanguage\":\"fr-FR\"},{\"@type\":[\"Person\",\"Organization\"],\"@id\":\"https:\/\/www.sap-formation.fr\/#\/schema\/person\/3076231934e9156a43e60950274c1072\",\"name\":\"yfagalde\",\"image\":{\"@type\":\"ImageObject\",\"inLanguage\":\"fr-FR\",\"@id\":\"https:\/\/www.sap-formation.fr\/#\/schema\/person\/image\/\",\"url\":\"https:\/\/www.sap-formation.fr\/wp-content\/uploads\/2022\/11\/cropped-logo-1-1.png\",\"contentUrl\":\"https:\/\/www.sap-formation.fr\/wp-content\/uploads\/2022\/11\/cropped-logo-1-1.png\",\"width\":286,\"height\":176,\"caption\":\"yfagalde\"},\"logo\":{\"@id\":\"https:\/\/www.sap-formation.fr\/#\/schema\/person\/image\/\"},\"sameAs\":[\"https:\/\/sap-formation.fr\"]}]}<\/script>\n<!-- \/ Yoast SEO plugin. -->","yoast_head_json":{"title":"Premiers secours enfants &amp; nourrissons \u2013 Gironde (33) - SAP-Formation","description":"Premiers secours enfants & nourrissons en Gironde (33) \u2013 SAP FormationTexte :La s\u00e9curit\u00e9 des enfants est une priorit\u00e9.SAP Formation propose des formations premiers secours p\u00e9diatriques en Gironde (33) : Bordeaux, Arcachon, Libourne, Langon.Programme\ud83d\udc76 R\u00e9agir face \u00e0 un \u00e9touffement.\ud83d\udc76 R\u00e9animation cardio-pulmonaire (RCP) b\u00e9b\u00e9 & enfant.\ud83d\udc76 Conduite \u00e0 tenir en cas d\u2019accident domestique, chute ou malaise.PublicCr\u00e8ches, MAM, RPE, \u00e9coles.Parents et assistantes maternelles.Collectivit\u00e9s et associations.\ud83d\udcde 09 83 51 38 11 \/ 06 16 15 39 26 \u2013 \ud83d\udce7 sap","robots":{"index":"index","follow":"follow","max-snippet":"max-snippet:-1","max-image-preview":"max-image-preview:large","max-video-preview":"max-video-preview:-1"},"canonical":"https:\/\/www.sap-formation.fr\/index.php\/premiers-secours-enfant-et-nourisson-gironde-33\/","og_locale":"fr_FR","og_type":"article","og_title":"Premiers secours enfants &amp; nourrissons \u2013 Gironde (33) - SAP-Formation","og_description":"Premiers secours enfants & nourrissons en Gironde (33) \u2013 SAP FormationTexte :La s\u00e9curit\u00e9 des enfants est une priorit\u00e9.SAP Formation propose des formations premiers secours p\u00e9diatriques en Gironde (33) : Bordeaux, Arcachon, Libourne, Langon.Programme\ud83d\udc76 R\u00e9agir face \u00e0 un \u00e9touffement.\ud83d\udc76 R\u00e9animation cardio-pulmonaire (RCP) b\u00e9b\u00e9 & enfant.\ud83d\udc76 Conduite \u00e0 tenir en cas d\u2019accident domestique, chute ou malaise.PublicCr\u00e8ches, MAM, RPE, \u00e9coles.Parents et assistantes maternelles.Collectivit\u00e9s et associations.\ud83d\udcde 09 83 51 38 11 \/ 06 16 15 39 26 \u2013 \ud83d\udce7 sap","og_url":"https:\/\/www.sap-formation.fr\/index.php\/premiers-secours-enfant-et-nourisson-gironde-33\/","og_site_name":"SAP-Formation","article_modified_time":"2025-08-28T12:12:46+00:00","twitter_card":"summary_large_image","twitter_misc":{"Dur\u00e9e de lecture estim\u00e9e":"1 minute"},"schema":{"@context":"https:\/\/schema.org","@graph":[{"@type":"WebPage","@id":"https:\/\/www.sap-formation.fr\/index.php\/premiers-secours-enfant-et-nourisson-gironde-33\/","url":"https:\/\/www.sap-formation.fr\/index.php\/premiers-secours-enfant-et-nourisson-gironde-33\/","name":"Premiers secours enfants &amp; nourrissons \u2013 Gironde (33) - SAP-Formation","isPartOf":{"@id":"https:\/\/www.sap-formation.fr\/#website"},"datePublished":"2025-08-28T12:12:45+00:00","dateModified":"2025-08-28T12:12:46+00:00","description":"Premiers secours enfants & nourrissons en Gironde (33) \u2013 SAP FormationTexte :La s\u00e9curit\u00e9 des enfants est une priorit\u00e9.SAP Formation propose des formations premiers secours p\u00e9diatriques en Gironde (33) : Bordeaux, Arcachon, Libourne, Langon.Programme\ud83d\udc76 R\u00e9agir face \u00e0 un \u00e9touffement.\ud83d\udc76 R\u00e9animation cardio-pulmonaire (RCP) b\u00e9b\u00e9 & enfant.\ud83d\udc76 Conduite \u00e0 tenir en cas d\u2019accident domestique, chute ou malaise.PublicCr\u00e8ches, MAM, RPE, \u00e9coles.Parents et assistantes maternelles.Collectivit\u00e9s et associations.\ud83d\udcde 09 83 51 38 11 \/ 06 16 15 39 26 \u2013 \ud83d\udce7 sap","breadcrumb":{"@id":"https:\/\/www.sap-formation.fr\/index.php\/premiers-secours-enfant-et-nourisson-gironde-33\/#breadcrumb"},"inLanguage":"fr-FR","potentialAction":[{"@type":"ReadAction","target":["https:\/\/www.sap-formation.fr\/index.php\/premiers-secours-enfant-et-nourisson-gironde-33\/"]}]},{"@type":"BreadcrumbList","@id":"https:\/\/www.sap-formation.fr\/index.php\/premiers-secours-enfant-et-nourisson-gironde-33\/#breadcrumb","itemListElement":[{"@type":"ListItem","position":1,"name":"Accueil","item":"https:\/\/www.sap-formation.fr\/"},{"@type":"ListItem","position":2,"name":"Premiers secours enfants &amp; nourrissons \u2013 Gironde (33)"}]},{"@type":"WebSite","@id":"https:\/\/www.sap-formation.fr\/#website","url":"https:\/\/www.sap-formation.fr\/","name":"SAP-Formation","description":"Formations SAP certifiantes","publisher":{"@id":"https:\/\/www.sap-formation.fr\/#\/schema\/person\/3076231934e9156a43e60950274c1072"},"potentialAction":[{"@type":"SearchAction","target":{"@type":"EntryPoint","urlTemplate":"https:\/\/www.sap-formation.fr\/?s={search_term_string}"},"query-input":{"@type":"PropertyValueSpecification","valueRequired":true,"valueName":"search_term_string"}}],"inLanguage":"fr-FR"},{"@type":["Person","Organization"],"@id":"https:\/\/www.sap-formation.fr\/#\/schema\/person\/3076231934e9156a43e60950274c1072","name":"yfagalde","image":{"@type":"ImageObject","inLanguage":"fr-FR","@id":"https:\/\/www.sap-formation.fr\/#\/schema\/person\/image\/","url":"https:\/\/www.sap-formation.fr\/wp-content\/uploads\/2022\/11\/cropped-logo-1-1.png","contentUrl":"https:\/\/www.sap-formation.fr\/wp-content\/uploads\/2022\/11\/cropped-logo-1-1.png","width":286,"height":176,"caption":"yfagalde"},"logo":{"@id":"https:\/\/www.sap-formation.fr\/#\/schema\/person\/image\/"},"sameAs":["https:\/\/sap-formation.fr"]}]}},"_links":{"self":[{"href":"https:\/\/www.sap-formation.fr\/index.php\/wp-json\/wp\/v2\/pages\/578","targetHints":{"allow":["GET"]}}],"collection":[{"href":"https:\/\/www.sap-formation.fr\/index.php\/wp-json\/wp\/v2\/pages"}],"about":[{"href":"https:\/\/www.sap-formation.fr\/index.php\/wp-json\/wp\/v2\/types\/page"}],"author":[{"embeddable":true,"href":"https:\/\/www.sap-formation.fr\/index.php\/wp-json\/wp\/v2\/users\/1"}],"replies":[{"embeddable":true,"href":"https:\/\/www.sap-formation.fr\/index.php\/wp-json\/wp\/v2\/comments?post=578"}],"version-history":[{"count":1,"href":"https:\/\/www.sap-formation.fr\/index.php\/wp-json\/wp\/v2\/pages\/578\/revisions"}],"predecessor-version":[{"id":579,"href":"https:\/\/www.sap-formation.fr\/index.php\/wp-json\/wp\/v2\/pages\/578\/revisions\/579"}],"wp:attachment":[{"href":"https:\/\/www.sap-formation.fr\/index.php\/wp-json\/wp\/v2\/media?parent=578"}],"curies":[{"name":"wp","href":"https:\/\/api.w.org\/{rel}","templated":true}]}}