{"id":576,"date":"2025-08-28T14:09:20","date_gmt":"2025-08-28T12:09:20","guid":{"rendered":"https:\/\/www.sap-formation.fr\/?page_id=576"},"modified":"2025-08-29T11:01:40","modified_gmt":"2025-08-29T09:01:40","slug":"formations-incendie-pyrenees-atlantiques-64","status":"publish","type":"page","link":"https:\/\/www.sap-formation.fr\/index.php\/formations-incendie-pyrenees-atlantiques-64\/","title":{"rendered":"Formations incendie \u2013 Pyr\u00e9n\u00e9es (64)"},"content":{"rendered":"\n<p>Pr\u00e9venir et savoir r\u00e9agir face \u00e0 un d\u00e9part de feu est indispensable.<br>SAP Formation organise des <strong>formations incendie<\/strong> dans le <strong>64<\/strong> : Pau, Bayonne, Biarritz, Saint-Jean-de-Luz, Oloron.<\/p>\n\n\n\n<h3 class=\"wp-block-heading\">Nos formations incendie dans le 64<\/h3>\n\n\n\n<ul class=\"wp-block-list\">\n<li>\ud83d\udd25 Manipulation d\u2019extincteurs.<\/li>\n\n\n\n<li>\ud83d\udd25 \u00c9quipier de Premi\u00e8re Intervention.<\/li>\n\n\n\n<li>\ud83d\udd25 Exercice d\u2019\u00e9vacuation.<\/li>\n<\/ul>\n\n\n\n<h3 class=\"wp-block-heading\">Pourquoi SAP Formation ?<\/h3>\n\n\n\n<ul class=\"wp-block-list\">\n<li>Formateurs SSIAP 3 exp\u00e9riment\u00e9s.<\/li>\n\n\n\n<li>Mise en pratique avec mat\u00e9riel adapt\u00e9.<\/li>\n\n\n\n<li>Financement OPCO possible.<\/li>\n<\/ul>\n\n\n\n<p>\ud83d\udcde 09 83 51 38 11 \/ 06 16 15 39 26 \u2013 \ud83d\udce7 <a>sap.formation33@gmail.com<\/a><\/p>\n","protected":false},"excerpt":{"rendered":"<p>Pr\u00e9venir et savoir r\u00e9agir face \u00e0 un d\u00e9part de feu est indispensable.SAP Formation organise des formations incendie dans le 64 : Pau, Bayonne, Biarritz, Saint-Jean-de-Luz, Oloron. Nos formations incendie dans le 64 Pourquoi SAP Formation ? \ud83d\udcde 09 83 51 38 11 \/ 06 16 15 39 26 \u2013 \ud83d\udce7 sap.formation33@gmail.com<\/p>\n","protected":false},"author":1,"featured_media":0,"parent":0,"menu_order":0,"comment_status":"closed","ping_status":"closed","template":"","meta":{"footnotes":""},"class_list":["post-576","page","type-page","status-publish","hentry"],"yoast_head":"<!-- This site is optimized with the Yoast SEO plugin v25.8 - https:\/\/yoast.com\/wordpress\/plugins\/seo\/ -->\n<title>Formations incendie \u2013 Pyr\u00e9n\u00e9es (64) - SAP-Formation<\/title>\n<meta name=\"description\" content=\"Pr\u00e9venir et savoir r\u00e9agir face \u00e0 un d\u00e9part de feu est indispensable.SAP Formation organise des formations incendie dans le 64 : Pau, Bayonne, Biarritz, Saint-Jean-de-Luz, Oloron.Nos formations incendie dans le 64\ud83d\udd25 Manipulation d\u2019extincteurs.\ud83d\udd25 \u00c9quipier de Premi\u00e8re Intervention.\ud83d\udd25 Exercice d\u2019\u00e9vacuation.Pourquoi SAP Formation ?Formateurs SSIAP 3 exp\u00e9riment\u00e9s.Mise en pratique avec mat\u00e9riel adapt\u00e9.Financement OPCO possible.\ud83d\udcde 09 83 51 38 11 \/ 06 16 15 39 26 \u2013 \ud83d\udce7 sap.formation33@\" \/>\n<meta name=\"robots\" content=\"index, follow, max-snippet:-1, max-image-preview:large, max-video-preview:-1\" \/>\n<link rel=\"canonical\" href=\"https:\/\/www.sap-formation.fr\/index.php\/formations-incendie-pyrenees-atlantiques-64\/\" \/>\n<meta property=\"og:locale\" content=\"fr_FR\" \/>\n<meta property=\"og:type\" content=\"article\" \/>\n<meta property=\"og:title\" content=\"Formations incendie \u2013 Pyr\u00e9n\u00e9es (64) - SAP-Formation\" \/>\n<meta property=\"og:description\" content=\"Pr\u00e9venir et savoir r\u00e9agir face \u00e0 un d\u00e9part de feu est indispensable.SAP Formation organise des formations incendie dans le 64 : Pau, Bayonne, Biarritz, Saint-Jean-de-Luz, Oloron.Nos formations incendie dans le 64\ud83d\udd25 Manipulation d\u2019extincteurs.\ud83d\udd25 \u00c9quipier de Premi\u00e8re Intervention.\ud83d\udd25 Exercice d\u2019\u00e9vacuation.Pourquoi SAP Formation ?Formateurs SSIAP 3 exp\u00e9riment\u00e9s.Mise en pratique avec mat\u00e9riel adapt\u00e9.Financement OPCO possible.\ud83d\udcde 09 83 51 38 11 \/ 06 16 15 39 26 \u2013 \ud83d\udce7 sap.formation33@\" \/>\n<meta property=\"og:url\" content=\"https:\/\/www.sap-formation.fr\/index.php\/formations-incendie-pyrenees-atlantiques-64\/\" \/>\n<meta property=\"og:site_name\" content=\"SAP-Formation\" \/>\n<meta property=\"article:modified_time\" content=\"2025-08-29T09:01:40+00:00\" \/>\n<meta name=\"twitter:card\" content=\"summary_large_image\" \/>\n<meta name=\"twitter:label1\" content=\"Dur\u00e9e de lecture estim\u00e9e\" \/>\n\t<meta name=\"twitter:data1\" content=\"1 minute\" \/>\n<script type=\"application\/ld+json\" class=\"yoast-schema-graph\">{\"@context\":\"https:\/\/schema.org\",\"@graph\":[{\"@type\":\"WebPage\",\"@id\":\"https:\/\/www.sap-formation.fr\/index.php\/formations-incendie-pyrenees-atlantiques-64\/\",\"url\":\"https:\/\/www.sap-formation.fr\/index.php\/formations-incendie-pyrenees-atlantiques-64\/\",\"name\":\"Formations incendie \u2013 Pyr\u00e9n\u00e9es (64) - SAP-Formation\",\"isPartOf\":{\"@id\":\"https:\/\/www.sap-formation.fr\/#website\"},\"datePublished\":\"2025-08-28T12:09:20+00:00\",\"dateModified\":\"2025-08-29T09:01:40+00:00\",\"description\":\"Pr\u00e9venir et savoir r\u00e9agir face \u00e0 un d\u00e9part de feu est indispensable.SAP Formation organise des formations incendie dans le 64 : Pau, Bayonne, Biarritz, Saint-Jean-de-Luz, Oloron.Nos formations incendie dans le 64\ud83d\udd25 Manipulation d\u2019extincteurs.\ud83d\udd25 \u00c9quipier de Premi\u00e8re Intervention.\ud83d\udd25 Exercice d\u2019\u00e9vacuation.Pourquoi SAP Formation ?Formateurs SSIAP 3 exp\u00e9riment\u00e9s.Mise en pratique avec mat\u00e9riel adapt\u00e9.Financement OPCO possible.\ud83d\udcde 09 83 51 38 11 \/ 06 16 15 39 26 \u2013 \ud83d\udce7 sap.formation33@\",\"breadcrumb\":{\"@id\":\"https:\/\/www.sap-formation.fr\/index.php\/formations-incendie-pyrenees-atlantiques-64\/#breadcrumb\"},\"inLanguage\":\"fr-FR\",\"potentialAction\":[{\"@type\":\"ReadAction\",\"target\":[\"https:\/\/www.sap-formation.fr\/index.php\/formations-incendie-pyrenees-atlantiques-64\/\"]}]},{\"@type\":\"BreadcrumbList\",\"@id\":\"https:\/\/www.sap-formation.fr\/index.php\/formations-incendie-pyrenees-atlantiques-64\/#breadcrumb\",\"itemListElement\":[{\"@type\":\"ListItem\",\"position\":1,\"name\":\"Accueil\",\"item\":\"https:\/\/www.sap-formation.fr\/\"},{\"@type\":\"ListItem\",\"position\":2,\"name\":\"Formations incendie \u2013 Pyr\u00e9n\u00e9es (64)\"}]},{\"@type\":\"WebSite\",\"@id\":\"https:\/\/www.sap-formation.fr\/#website\",\"url\":\"https:\/\/www.sap-formation.fr\/\",\"name\":\"SAP-Formation\",\"description\":\"Formations SAP certifiantes\",\"publisher\":{\"@id\":\"https:\/\/www.sap-formation.fr\/#\/schema\/person\/3076231934e9156a43e60950274c1072\"},\"potentialAction\":[{\"@type\":\"SearchAction\",\"target\":{\"@type\":\"EntryPoint\",\"urlTemplate\":\"https:\/\/www.sap-formation.fr\/?s={search_term_string}\"},\"query-input\":{\"@type\":\"PropertyValueSpecification\",\"valueRequired\":true,\"valueName\":\"search_term_string\"}}],\"inLanguage\":\"fr-FR\"},{\"@type\":[\"Person\",\"Organization\"],\"@id\":\"https:\/\/www.sap-formation.fr\/#\/schema\/person\/3076231934e9156a43e60950274c1072\",\"name\":\"yfagalde\",\"image\":{\"@type\":\"ImageObject\",\"inLanguage\":\"fr-FR\",\"@id\":\"https:\/\/www.sap-formation.fr\/#\/schema\/person\/image\/\",\"url\":\"https:\/\/www.sap-formation.fr\/wp-content\/uploads\/2022\/11\/cropped-logo-1-1.png\",\"contentUrl\":\"https:\/\/www.sap-formation.fr\/wp-content\/uploads\/2022\/11\/cropped-logo-1-1.png\",\"width\":286,\"height\":176,\"caption\":\"yfagalde\"},\"logo\":{\"@id\":\"https:\/\/www.sap-formation.fr\/#\/schema\/person\/image\/\"},\"sameAs\":[\"https:\/\/sap-formation.fr\"]}]}<\/script>\n<!-- \/ Yoast SEO plugin. -->","yoast_head_json":{"title":"Formations incendie \u2013 Pyr\u00e9n\u00e9es (64) - SAP-Formation","description":"Pr\u00e9venir et savoir r\u00e9agir face \u00e0 un d\u00e9part de feu est indispensable.SAP Formation organise des formations incendie dans le 64 : Pau, Bayonne, Biarritz, Saint-Jean-de-Luz, Oloron.Nos formations incendie dans le 64\ud83d\udd25 Manipulation d\u2019extincteurs.\ud83d\udd25 \u00c9quipier de Premi\u00e8re Intervention.\ud83d\udd25 Exercice d\u2019\u00e9vacuation.Pourquoi SAP Formation ?Formateurs SSIAP 3 exp\u00e9riment\u00e9s.Mise en pratique avec mat\u00e9riel adapt\u00e9.Financement OPCO possible.\ud83d\udcde 09 83 51 38 11 \/ 06 16 15 39 26 \u2013 \ud83d\udce7 sap.formation33@","robots":{"index":"index","follow":"follow","max-snippet":"max-snippet:-1","max-image-preview":"max-image-preview:large","max-video-preview":"max-video-preview:-1"},"canonical":"https:\/\/www.sap-formation.fr\/index.php\/formations-incendie-pyrenees-atlantiques-64\/","og_locale":"fr_FR","og_type":"article","og_title":"Formations incendie \u2013 Pyr\u00e9n\u00e9es (64) - SAP-Formation","og_description":"Pr\u00e9venir et savoir r\u00e9agir face \u00e0 un d\u00e9part de feu est indispensable.SAP Formation organise des formations incendie dans le 64 : Pau, Bayonne, Biarritz, Saint-Jean-de-Luz, Oloron.Nos formations incendie dans le 64\ud83d\udd25 Manipulation d\u2019extincteurs.\ud83d\udd25 \u00c9quipier de Premi\u00e8re Intervention.\ud83d\udd25 Exercice d\u2019\u00e9vacuation.Pourquoi SAP Formation ?Formateurs SSIAP 3 exp\u00e9riment\u00e9s.Mise en pratique avec mat\u00e9riel adapt\u00e9.Financement OPCO possible.\ud83d\udcde 09 83 51 38 11 \/ 06 16 15 39 26 \u2013 \ud83d\udce7 sap.formation33@","og_url":"https:\/\/www.sap-formation.fr\/index.php\/formations-incendie-pyrenees-atlantiques-64\/","og_site_name":"SAP-Formation","article_modified_time":"2025-08-29T09:01:40+00:00","twitter_card":"summary_large_image","twitter_misc":{"Dur\u00e9e de lecture estim\u00e9e":"1 minute"},"schema":{"@context":"https:\/\/schema.org","@graph":[{"@type":"WebPage","@id":"https:\/\/www.sap-formation.fr\/index.php\/formations-incendie-pyrenees-atlantiques-64\/","url":"https:\/\/www.sap-formation.fr\/index.php\/formations-incendie-pyrenees-atlantiques-64\/","name":"Formations incendie \u2013 Pyr\u00e9n\u00e9es (64) - SAP-Formation","isPartOf":{"@id":"https:\/\/www.sap-formation.fr\/#website"},"datePublished":"2025-08-28T12:09:20+00:00","dateModified":"2025-08-29T09:01:40+00:00","description":"Pr\u00e9venir et savoir r\u00e9agir face \u00e0 un d\u00e9part de feu est indispensable.SAP Formation organise des formations incendie dans le 64 : Pau, Bayonne, Biarritz, Saint-Jean-de-Luz, Oloron.Nos formations incendie dans le 64\ud83d\udd25 Manipulation d\u2019extincteurs.\ud83d\udd25 \u00c9quipier de Premi\u00e8re Intervention.\ud83d\udd25 Exercice d\u2019\u00e9vacuation.Pourquoi SAP Formation ?Formateurs SSIAP 3 exp\u00e9riment\u00e9s.Mise en pratique avec mat\u00e9riel adapt\u00e9.Financement OPCO possible.\ud83d\udcde 09 83 51 38 11 \/ 06 16 15 39 26 \u2013 \ud83d\udce7 sap.formation33@","breadcrumb":{"@id":"https:\/\/www.sap-formation.fr\/index.php\/formations-incendie-pyrenees-atlantiques-64\/#breadcrumb"},"inLanguage":"fr-FR","potentialAction":[{"@type":"ReadAction","target":["https:\/\/www.sap-formation.fr\/index.php\/formations-incendie-pyrenees-atlantiques-64\/"]}]},{"@type":"BreadcrumbList","@id":"https:\/\/www.sap-formation.fr\/index.php\/formations-incendie-pyrenees-atlantiques-64\/#breadcrumb","itemListElement":[{"@type":"ListItem","position":1,"name":"Accueil","item":"https:\/\/www.sap-formation.fr\/"},{"@type":"ListItem","position":2,"name":"Formations incendie \u2013 Pyr\u00e9n\u00e9es (64)"}]},{"@type":"WebSite","@id":"https:\/\/www.sap-formation.fr\/#website","url":"https:\/\/www.sap-formation.fr\/","name":"SAP-Formation","description":"Formations SAP certifiantes","publisher":{"@id":"https:\/\/www.sap-formation.fr\/#\/schema\/person\/3076231934e9156a43e60950274c1072"},"potentialAction":[{"@type":"SearchAction","target":{"@type":"EntryPoint","urlTemplate":"https:\/\/www.sap-formation.fr\/?s={search_term_string}"},"query-input":{"@type":"PropertyValueSpecification","valueRequired":true,"valueName":"search_term_string"}}],"inLanguage":"fr-FR"},{"@type":["Person","Organization"],"@id":"https:\/\/www.sap-formation.fr\/#\/schema\/person\/3076231934e9156a43e60950274c1072","name":"yfagalde","image":{"@type":"ImageObject","inLanguage":"fr-FR","@id":"https:\/\/www.sap-formation.fr\/#\/schema\/person\/image\/","url":"https:\/\/www.sap-formation.fr\/wp-content\/uploads\/2022\/11\/cropped-logo-1-1.png","contentUrl":"https:\/\/www.sap-formation.fr\/wp-content\/uploads\/2022\/11\/cropped-logo-1-1.png","width":286,"height":176,"caption":"yfagalde"},"logo":{"@id":"https:\/\/www.sap-formation.fr\/#\/schema\/person\/image\/"},"sameAs":["https:\/\/sap-formation.fr"]}]}},"_links":{"self":[{"href":"https:\/\/www.sap-formation.fr\/index.php\/wp-json\/wp\/v2\/pages\/576","targetHints":{"allow":["GET"]}}],"collection":[{"href":"https:\/\/www.sap-formation.fr\/index.php\/wp-json\/wp\/v2\/pages"}],"about":[{"href":"https:\/\/www.sap-formation.fr\/index.php\/wp-json\/wp\/v2\/types\/page"}],"author":[{"embeddable":true,"href":"https:\/\/www.sap-formation.fr\/index.php\/wp-json\/wp\/v2\/users\/1"}],"replies":[{"embeddable":true,"href":"https:\/\/www.sap-formation.fr\/index.php\/wp-json\/wp\/v2\/comments?post=576"}],"version-history":[{"count":2,"href":"https:\/\/www.sap-formation.fr\/index.php\/wp-json\/wp\/v2\/pages\/576\/revisions"}],"predecessor-version":[{"id":605,"href":"https:\/\/www.sap-formation.fr\/index.php\/wp-json\/wp\/v2\/pages\/576\/revisions\/605"}],"wp:attachment":[{"href":"https:\/\/www.sap-formation.fr\/index.php\/wp-json\/wp\/v2\/media?parent=576"}],"curies":[{"name":"wp","href":"https:\/\/api.w.org\/{rel}","templated":true}]}}