{"id":568,"date":"2025-08-28T13:54:53","date_gmt":"2025-08-28T11:54:53","guid":{"rendered":"https:\/\/www.sap-formation.fr\/?page_id=568"},"modified":"2025-08-29T11:01:00","modified_gmt":"2025-08-29T09:01:00","slug":"formations-sst-landes","status":"publish","type":"page","link":"https:\/\/www.sap-formation.fr\/index.php\/formations-sst-landes\/","title":{"rendered":"Formations SST \u2013 Landes (40)"},"content":{"rendered":"\n<p>SAP Formation forme vos salari\u00e9s et \u00e9quipes au <strong>Sauveteur Secouriste du Travail (SST)<\/strong> et au <strong>MAC SST<\/strong>.<br>Nous intervenons \u00e0 Mont-de-Marsan, Dax, Biscarrosse, Capbreton et dans tout le d\u00e9partement.<\/p>\n\n\n\n<h3 class=\"wp-block-heading\">Nos formations SST dans les Landes<\/h3>\n\n\n\n<ul class=\"wp-block-list\">\n<li>\u2705 <strong>SST initiale<\/strong> : gestes qui sauvent, pr\u00e9vention des risques professionnels.<\/li>\n\n\n\n<li>\u2705 <strong>MAC SST<\/strong> : recyclage obligatoire pour rester certifi\u00e9.<\/li>\n<\/ul>\n\n\n\n<h3 class=\"wp-block-heading\">Avantages SAP Formation<\/h3>\n\n\n\n<ul class=\"wp-block-list\">\n<li>Organisme Qualiopi &amp; habilit\u00e9 INRS.<\/li>\n\n\n\n<li>Interventions rapides dans vos locaux.<\/li>\n\n\n\n<li>Formations adapt\u00e9es aux entreprises et aux structures de la petite enfance.<\/li>\n<\/ul>\n\n\n\n<p>\ud83d\udcde 09 83 51 38 11 \/ 06 16 15 39 26 \u2013 \ud83d\udce7 <a>sap.formation33@gmail.com<\/a><\/p>\n","protected":false},"excerpt":{"rendered":"<p>SAP Formation forme vos salari\u00e9s et \u00e9quipes au Sauveteur Secouriste du Travail (SST) et au MAC SST.Nous intervenons \u00e0 Mont-de-Marsan, Dax, Biscarrosse, Capbreton et dans tout le d\u00e9partement. Nos formations SST dans les Landes Avantages SAP Formation \ud83d\udcde 09 83 51 38 11 \/ 06 16 15 39 26 \u2013 \ud83d\udce7 sap.formation33@gmail.com<\/p>\n","protected":false},"author":1,"featured_media":0,"parent":0,"menu_order":0,"comment_status":"closed","ping_status":"closed","template":"","meta":{"footnotes":""},"class_list":["post-568","page","type-page","status-publish","hentry"],"yoast_head":"<!-- This site is optimized with the Yoast SEO plugin v25.8 - https:\/\/yoast.com\/wordpress\/plugins\/seo\/ -->\n<title>Formations SST \u2013 Landes (40) - SAP-Formation<\/title>\n<meta name=\"description\" content=\"SAP Formation forme vos salari\u00e9s et \u00e9quipes au Sauveteur Secouriste du Travail (SST) et au MAC SST.Nous intervenons \u00e0 Mont-de-Marsan, Dax, Biscarrosse, Capbreton et dans tout le d\u00e9partement.Nos formations SST dans les Landes\u2705 SST initiale : gestes qui sauvent, pr\u00e9vention des risques professionnels.\u2705 MAC SST : recyclage obligatoire pour rester certifi\u00e9.Avantages SAP FormationOrganisme Qualiopi &amp; habilit\u00e9 INRS.Interventions rapides dans vos locaux.Formations adapt\u00e9es aux entreprises et aux structures de la petite enfance.\ud83d\udcde 09 83 51 38 11 \/ 06 16 15 39 26 \u2013 \ud83d\udce7 sap.for\" \/>\n<meta name=\"robots\" content=\"index, follow, max-snippet:-1, max-image-preview:large, max-video-preview:-1\" \/>\n<link rel=\"canonical\" href=\"https:\/\/www.sap-formation.fr\/index.php\/formations-sst-landes\/\" \/>\n<meta property=\"og:locale\" content=\"fr_FR\" \/>\n<meta property=\"og:type\" content=\"article\" \/>\n<meta property=\"og:title\" content=\"Formations SST \u2013 Landes (40) - SAP-Formation\" \/>\n<meta property=\"og:description\" content=\"SAP Formation forme vos salari\u00e9s et \u00e9quipes au Sauveteur Secouriste du Travail (SST) et au MAC SST.Nous intervenons \u00e0 Mont-de-Marsan, Dax, Biscarrosse, Capbreton et dans tout le d\u00e9partement.Nos formations SST dans les Landes\u2705 SST initiale : gestes qui sauvent, pr\u00e9vention des risques professionnels.\u2705 MAC SST : recyclage obligatoire pour rester certifi\u00e9.Avantages SAP FormationOrganisme Qualiopi &amp; habilit\u00e9 INRS.Interventions rapides dans vos locaux.Formations adapt\u00e9es aux entreprises et aux structures de la petite enfance.\ud83d\udcde 09 83 51 38 11 \/ 06 16 15 39 26 \u2013 \ud83d\udce7 sap.for\" \/>\n<meta property=\"og:url\" content=\"https:\/\/www.sap-formation.fr\/index.php\/formations-sst-landes\/\" \/>\n<meta property=\"og:site_name\" content=\"SAP-Formation\" \/>\n<meta property=\"article:modified_time\" content=\"2025-08-29T09:01:00+00:00\" \/>\n<meta name=\"twitter:card\" content=\"summary_large_image\" \/>\n<meta name=\"twitter:label1\" content=\"Dur\u00e9e de lecture estim\u00e9e\" \/>\n\t<meta name=\"twitter:data1\" content=\"1 minute\" \/>\n<script type=\"application\/ld+json\" class=\"yoast-schema-graph\">{\"@context\":\"https:\/\/schema.org\",\"@graph\":[{\"@type\":\"WebPage\",\"@id\":\"https:\/\/www.sap-formation.fr\/index.php\/formations-sst-landes\/\",\"url\":\"https:\/\/www.sap-formation.fr\/index.php\/formations-sst-landes\/\",\"name\":\"Formations SST \u2013 Landes (40) - SAP-Formation\",\"isPartOf\":{\"@id\":\"https:\/\/www.sap-formation.fr\/#website\"},\"datePublished\":\"2025-08-28T11:54:53+00:00\",\"dateModified\":\"2025-08-29T09:01:00+00:00\",\"description\":\"SAP Formation forme vos salari\u00e9s et \u00e9quipes au Sauveteur Secouriste du Travail (SST) et au MAC SST.Nous intervenons \u00e0 Mont-de-Marsan, Dax, Biscarrosse, Capbreton et dans tout le d\u00e9partement.Nos formations SST dans les Landes\u2705 SST initiale : gestes qui sauvent, pr\u00e9vention des risques professionnels.\u2705 MAC SST : recyclage obligatoire pour rester certifi\u00e9.Avantages SAP FormationOrganisme Qualiopi & habilit\u00e9 INRS.Interventions rapides dans vos locaux.Formations adapt\u00e9es aux entreprises et aux structures de la petite enfance.\ud83d\udcde 09 83 51 38 11 \/ 06 16 15 39 26 \u2013 \ud83d\udce7 sap.for\",\"breadcrumb\":{\"@id\":\"https:\/\/www.sap-formation.fr\/index.php\/formations-sst-landes\/#breadcrumb\"},\"inLanguage\":\"fr-FR\",\"potentialAction\":[{\"@type\":\"ReadAction\",\"target\":[\"https:\/\/www.sap-formation.fr\/index.php\/formations-sst-landes\/\"]}]},{\"@type\":\"BreadcrumbList\",\"@id\":\"https:\/\/www.sap-formation.fr\/index.php\/formations-sst-landes\/#breadcrumb\",\"itemListElement\":[{\"@type\":\"ListItem\",\"position\":1,\"name\":\"Accueil\",\"item\":\"https:\/\/www.sap-formation.fr\/\"},{\"@type\":\"ListItem\",\"position\":2,\"name\":\"Formations SST \u2013 Landes (40)\"}]},{\"@type\":\"WebSite\",\"@id\":\"https:\/\/www.sap-formation.fr\/#website\",\"url\":\"https:\/\/www.sap-formation.fr\/\",\"name\":\"SAP-Formation\",\"description\":\"Formations SAP certifiantes\",\"publisher\":{\"@id\":\"https:\/\/www.sap-formation.fr\/#\/schema\/person\/3076231934e9156a43e60950274c1072\"},\"potentialAction\":[{\"@type\":\"SearchAction\",\"target\":{\"@type\":\"EntryPoint\",\"urlTemplate\":\"https:\/\/www.sap-formation.fr\/?s={search_term_string}\"},\"query-input\":{\"@type\":\"PropertyValueSpecification\",\"valueRequired\":true,\"valueName\":\"search_term_string\"}}],\"inLanguage\":\"fr-FR\"},{\"@type\":[\"Person\",\"Organization\"],\"@id\":\"https:\/\/www.sap-formation.fr\/#\/schema\/person\/3076231934e9156a43e60950274c1072\",\"name\":\"yfagalde\",\"image\":{\"@type\":\"ImageObject\",\"inLanguage\":\"fr-FR\",\"@id\":\"https:\/\/www.sap-formation.fr\/#\/schema\/person\/image\/\",\"url\":\"https:\/\/www.sap-formation.fr\/wp-content\/uploads\/2022\/11\/cropped-logo-1-1.png\",\"contentUrl\":\"https:\/\/www.sap-formation.fr\/wp-content\/uploads\/2022\/11\/cropped-logo-1-1.png\",\"width\":286,\"height\":176,\"caption\":\"yfagalde\"},\"logo\":{\"@id\":\"https:\/\/www.sap-formation.fr\/#\/schema\/person\/image\/\"},\"sameAs\":[\"https:\/\/sap-formation.fr\"]}]}<\/script>\n<!-- \/ Yoast SEO plugin. -->","yoast_head_json":{"title":"Formations SST \u2013 Landes (40) - SAP-Formation","description":"SAP Formation forme vos salari\u00e9s et \u00e9quipes au Sauveteur Secouriste du Travail (SST) et au MAC SST.Nous intervenons \u00e0 Mont-de-Marsan, Dax, Biscarrosse, Capbreton et dans tout le d\u00e9partement.Nos formations SST dans les Landes\u2705 SST initiale : gestes qui sauvent, pr\u00e9vention des risques professionnels.\u2705 MAC SST : recyclage obligatoire pour rester certifi\u00e9.Avantages SAP FormationOrganisme Qualiopi & habilit\u00e9 INRS.Interventions rapides dans vos locaux.Formations adapt\u00e9es aux entreprises et aux structures de la petite enfance.\ud83d\udcde 09 83 51 38 11 \/ 06 16 15 39 26 \u2013 \ud83d\udce7 sap.for","robots":{"index":"index","follow":"follow","max-snippet":"max-snippet:-1","max-image-preview":"max-image-preview:large","max-video-preview":"max-video-preview:-1"},"canonical":"https:\/\/www.sap-formation.fr\/index.php\/formations-sst-landes\/","og_locale":"fr_FR","og_type":"article","og_title":"Formations SST \u2013 Landes (40) - SAP-Formation","og_description":"SAP Formation forme vos salari\u00e9s et \u00e9quipes au Sauveteur Secouriste du Travail (SST) et au MAC SST.Nous intervenons \u00e0 Mont-de-Marsan, Dax, Biscarrosse, Capbreton et dans tout le d\u00e9partement.Nos formations SST dans les Landes\u2705 SST initiale : gestes qui sauvent, pr\u00e9vention des risques professionnels.\u2705 MAC SST : recyclage obligatoire pour rester certifi\u00e9.Avantages SAP FormationOrganisme Qualiopi & habilit\u00e9 INRS.Interventions rapides dans vos locaux.Formations adapt\u00e9es aux entreprises et aux structures de la petite enfance.\ud83d\udcde 09 83 51 38 11 \/ 06 16 15 39 26 \u2013 \ud83d\udce7 sap.for","og_url":"https:\/\/www.sap-formation.fr\/index.php\/formations-sst-landes\/","og_site_name":"SAP-Formation","article_modified_time":"2025-08-29T09:01:00+00:00","twitter_card":"summary_large_image","twitter_misc":{"Dur\u00e9e de lecture estim\u00e9e":"1 minute"},"schema":{"@context":"https:\/\/schema.org","@graph":[{"@type":"WebPage","@id":"https:\/\/www.sap-formation.fr\/index.php\/formations-sst-landes\/","url":"https:\/\/www.sap-formation.fr\/index.php\/formations-sst-landes\/","name":"Formations SST \u2013 Landes (40) - SAP-Formation","isPartOf":{"@id":"https:\/\/www.sap-formation.fr\/#website"},"datePublished":"2025-08-28T11:54:53+00:00","dateModified":"2025-08-29T09:01:00+00:00","description":"SAP Formation forme vos salari\u00e9s et \u00e9quipes au Sauveteur Secouriste du Travail (SST) et au MAC SST.Nous intervenons \u00e0 Mont-de-Marsan, Dax, Biscarrosse, Capbreton et dans tout le d\u00e9partement.Nos formations SST dans les Landes\u2705 SST initiale : gestes qui sauvent, pr\u00e9vention des risques professionnels.\u2705 MAC SST : recyclage obligatoire pour rester certifi\u00e9.Avantages SAP FormationOrganisme Qualiopi & habilit\u00e9 INRS.Interventions rapides dans vos locaux.Formations adapt\u00e9es aux entreprises et aux structures de la petite enfance.\ud83d\udcde 09 83 51 38 11 \/ 06 16 15 39 26 \u2013 \ud83d\udce7 sap.for","breadcrumb":{"@id":"https:\/\/www.sap-formation.fr\/index.php\/formations-sst-landes\/#breadcrumb"},"inLanguage":"fr-FR","potentialAction":[{"@type":"ReadAction","target":["https:\/\/www.sap-formation.fr\/index.php\/formations-sst-landes\/"]}]},{"@type":"BreadcrumbList","@id":"https:\/\/www.sap-formation.fr\/index.php\/formations-sst-landes\/#breadcrumb","itemListElement":[{"@type":"ListItem","position":1,"name":"Accueil","item":"https:\/\/www.sap-formation.fr\/"},{"@type":"ListItem","position":2,"name":"Formations SST \u2013 Landes (40)"}]},{"@type":"WebSite","@id":"https:\/\/www.sap-formation.fr\/#website","url":"https:\/\/www.sap-formation.fr\/","name":"SAP-Formation","description":"Formations SAP certifiantes","publisher":{"@id":"https:\/\/www.sap-formation.fr\/#\/schema\/person\/3076231934e9156a43e60950274c1072"},"potentialAction":[{"@type":"SearchAction","target":{"@type":"EntryPoint","urlTemplate":"https:\/\/www.sap-formation.fr\/?s={search_term_string}"},"query-input":{"@type":"PropertyValueSpecification","valueRequired":true,"valueName":"search_term_string"}}],"inLanguage":"fr-FR"},{"@type":["Person","Organization"],"@id":"https:\/\/www.sap-formation.fr\/#\/schema\/person\/3076231934e9156a43e60950274c1072","name":"yfagalde","image":{"@type":"ImageObject","inLanguage":"fr-FR","@id":"https:\/\/www.sap-formation.fr\/#\/schema\/person\/image\/","url":"https:\/\/www.sap-formation.fr\/wp-content\/uploads\/2022\/11\/cropped-logo-1-1.png","contentUrl":"https:\/\/www.sap-formation.fr\/wp-content\/uploads\/2022\/11\/cropped-logo-1-1.png","width":286,"height":176,"caption":"yfagalde"},"logo":{"@id":"https:\/\/www.sap-formation.fr\/#\/schema\/person\/image\/"},"sameAs":["https:\/\/sap-formation.fr"]}]}},"_links":{"self":[{"href":"https:\/\/www.sap-formation.fr\/index.php\/wp-json\/wp\/v2\/pages\/568","targetHints":{"allow":["GET"]}}],"collection":[{"href":"https:\/\/www.sap-formation.fr\/index.php\/wp-json\/wp\/v2\/pages"}],"about":[{"href":"https:\/\/www.sap-formation.fr\/index.php\/wp-json\/wp\/v2\/types\/page"}],"author":[{"embeddable":true,"href":"https:\/\/www.sap-formation.fr\/index.php\/wp-json\/wp\/v2\/users\/1"}],"replies":[{"embeddable":true,"href":"https:\/\/www.sap-formation.fr\/index.php\/wp-json\/wp\/v2\/comments?post=568"}],"version-history":[{"count":2,"href":"https:\/\/www.sap-formation.fr\/index.php\/wp-json\/wp\/v2\/pages\/568\/revisions"}],"predecessor-version":[{"id":604,"href":"https:\/\/www.sap-formation.fr\/index.php\/wp-json\/wp\/v2\/pages\/568\/revisions\/604"}],"wp:attachment":[{"href":"https:\/\/www.sap-formation.fr\/index.php\/wp-json\/wp\/v2\/media?parent=568"}],"curies":[{"name":"wp","href":"https:\/\/api.w.org\/{rel}","templated":true}]}}