{"id":565,"date":"2025-08-28T13:47:47","date_gmt":"2025-08-28T11:47:47","guid":{"rendered":"https:\/\/www.sap-formation.fr\/?page_id=565"},"modified":"2025-08-29T10:59:20","modified_gmt":"2025-08-29T08:59:20","slug":"formations-sst-gironde-33","status":"publish","type":"page","link":"https:\/\/www.sap-formation.fr\/index.php\/formations-sst-gironde-33\/","title":{"rendered":"Formations SST \u2013 Gironde (33)"},"content":{"rendered":"\n<p>SAP Formation est un organisme certifi\u00e9 <strong>Qualiopi<\/strong> et habilit\u00e9 <strong>INRS<\/strong>, sp\u00e9cialis\u00e9 dans la formation <strong>Sauveteur Secouriste du Travail (SST)<\/strong>.<br>Nous intervenons dans tout le d\u00e9partement de la <strong>Gironde (33)<\/strong> : Bordeaux, Arcachon, Libourne, Langon, M\u00e9doc\u2026<\/p>\n\n\n\n<h3 class=\"wp-block-heading\">Nos formations SST en Gironde<\/h3>\n\n\n\n<ul class=\"wp-block-list\">\n<li>\u2705 <strong>Formation initiale SST<\/strong> : apprendre \u00e0 prot\u00e9ger, examiner, alerter et secourir efficacement en cas d\u2019accident.<\/li>\n\n\n\n<li>\u2705 <strong>MAC SST (recyclage)<\/strong> : mise \u00e0 jour des comp\u00e9tences tous les 2 ans, obligatoire pour conserver la validit\u00e9 du certificat.<\/li>\n<\/ul>\n\n\n\n<h3 class=\"wp-block-heading\">Pourquoi choisir SAP Formation en Gironde ?<\/h3>\n\n\n\n<ul class=\"wp-block-list\">\n<li>Formateurs exp\u00e9riment\u00e9s (r\u00e9f\u00e9rent : Yannick Fagalde).<\/li>\n\n\n\n<li>Formations possible en entreprise ou en salle adapt\u00e9e.<\/li>\n\n\n\n<li>Sp\u00e9cialisation petite enfance ( cr\u00e8ches, haltes garderies, \u00e9coles).<\/li>\n\n\n\n<li>Financement possible via votre <strong>OPCO<\/strong>.<\/li>\n<\/ul>\n\n\n\n<p>\ud83d\udcde 09 83 51 38 11 \/ 06 16 15 39 26 \u2013 \ud83d\udce7 <a>sap.formation33@gmail.com<\/a><\/p>\n","protected":false},"excerpt":{"rendered":"<p>SAP Formation est un organisme certifi\u00e9 Qualiopi et habilit\u00e9 INRS, sp\u00e9cialis\u00e9 dans la formation Sauveteur Secouriste du Travail (SST).Nous intervenons dans tout le d\u00e9partement de la Gironde (33) : Bordeaux, Arcachon, Libourne, Langon, M\u00e9doc\u2026 Nos formations SST en Gironde Pourquoi choisir SAP Formation en Gironde ? \ud83d\udcde 09 83 51 38 11 \/ 06 16 [&hellip;]<\/p>\n","protected":false},"author":1,"featured_media":0,"parent":0,"menu_order":0,"comment_status":"closed","ping_status":"closed","template":"","meta":{"footnotes":""},"class_list":["post-565","page","type-page","status-publish","hentry"],"yoast_head":"<!-- This site is optimized with the Yoast SEO plugin v25.8 - https:\/\/yoast.com\/wordpress\/plugins\/seo\/ -->\n<title>Formations SST \u2013 Gironde (33) - SAP-Formation<\/title>\n<meta name=\"description\" content=\"SAP Formation propose des formations SST et MAC SST en Gironde (33). Interventions \u00e0 Bordeaux, Arcachon, Libourne... Certifi\u00e9 Qualiopi &amp; INRS.\" \/>\n<meta name=\"robots\" content=\"index, follow, max-snippet:-1, max-image-preview:large, max-video-preview:-1\" \/>\n<link rel=\"canonical\" href=\"https:\/\/www.sap-formation.fr\/index.php\/formations-sst-gironde-33\/\" \/>\n<meta property=\"og:locale\" content=\"fr_FR\" \/>\n<meta property=\"og:type\" content=\"article\" \/>\n<meta property=\"og:title\" content=\"Formations SST \u2013 Gironde (33) - SAP-Formation\" \/>\n<meta property=\"og:description\" content=\"SAP Formation propose des formations SST et MAC SST en Gironde (33). Interventions \u00e0 Bordeaux, Arcachon, Libourne... Certifi\u00e9 Qualiopi &amp; INRS.\" \/>\n<meta property=\"og:url\" content=\"https:\/\/www.sap-formation.fr\/index.php\/formations-sst-gironde-33\/\" \/>\n<meta property=\"og:site_name\" content=\"SAP-Formation\" \/>\n<meta property=\"article:modified_time\" content=\"2025-08-29T08:59:20+00:00\" \/>\n<meta name=\"twitter:card\" content=\"summary_large_image\" \/>\n<meta name=\"twitter:label1\" content=\"Dur\u00e9e de lecture estim\u00e9e\" \/>\n\t<meta name=\"twitter:data1\" content=\"1 minute\" \/>\n<script type=\"application\/ld+json\" class=\"yoast-schema-graph\">{\"@context\":\"https:\/\/schema.org\",\"@graph\":[{\"@type\":\"WebPage\",\"@id\":\"https:\/\/www.sap-formation.fr\/index.php\/formations-sst-gironde-33\/\",\"url\":\"https:\/\/www.sap-formation.fr\/index.php\/formations-sst-gironde-33\/\",\"name\":\"Formations SST \u2013 Gironde (33) - SAP-Formation\",\"isPartOf\":{\"@id\":\"https:\/\/www.sap-formation.fr\/#website\"},\"datePublished\":\"2025-08-28T11:47:47+00:00\",\"dateModified\":\"2025-08-29T08:59:20+00:00\",\"description\":\"SAP Formation propose des formations SST et MAC SST en Gironde (33). Interventions \u00e0 Bordeaux, Arcachon, Libourne... Certifi\u00e9 Qualiopi & INRS.\",\"breadcrumb\":{\"@id\":\"https:\/\/www.sap-formation.fr\/index.php\/formations-sst-gironde-33\/#breadcrumb\"},\"inLanguage\":\"fr-FR\",\"potentialAction\":[{\"@type\":\"ReadAction\",\"target\":[\"https:\/\/www.sap-formation.fr\/index.php\/formations-sst-gironde-33\/\"]}]},{\"@type\":\"BreadcrumbList\",\"@id\":\"https:\/\/www.sap-formation.fr\/index.php\/formations-sst-gironde-33\/#breadcrumb\",\"itemListElement\":[{\"@type\":\"ListItem\",\"position\":1,\"name\":\"Accueil\",\"item\":\"https:\/\/www.sap-formation.fr\/\"},{\"@type\":\"ListItem\",\"position\":2,\"name\":\"Formations SST \u2013 Gironde (33)\"}]},{\"@type\":\"WebSite\",\"@id\":\"https:\/\/www.sap-formation.fr\/#website\",\"url\":\"https:\/\/www.sap-formation.fr\/\",\"name\":\"SAP-Formation\",\"description\":\"Formations SAP certifiantes\",\"publisher\":{\"@id\":\"https:\/\/www.sap-formation.fr\/#\/schema\/person\/3076231934e9156a43e60950274c1072\"},\"potentialAction\":[{\"@type\":\"SearchAction\",\"target\":{\"@type\":\"EntryPoint\",\"urlTemplate\":\"https:\/\/www.sap-formation.fr\/?s={search_term_string}\"},\"query-input\":{\"@type\":\"PropertyValueSpecification\",\"valueRequired\":true,\"valueName\":\"search_term_string\"}}],\"inLanguage\":\"fr-FR\"},{\"@type\":[\"Person\",\"Organization\"],\"@id\":\"https:\/\/www.sap-formation.fr\/#\/schema\/person\/3076231934e9156a43e60950274c1072\",\"name\":\"yfagalde\",\"image\":{\"@type\":\"ImageObject\",\"inLanguage\":\"fr-FR\",\"@id\":\"https:\/\/www.sap-formation.fr\/#\/schema\/person\/image\/\",\"url\":\"https:\/\/www.sap-formation.fr\/wp-content\/uploads\/2022\/11\/cropped-logo-1-1.png\",\"contentUrl\":\"https:\/\/www.sap-formation.fr\/wp-content\/uploads\/2022\/11\/cropped-logo-1-1.png\",\"width\":286,\"height\":176,\"caption\":\"yfagalde\"},\"logo\":{\"@id\":\"https:\/\/www.sap-formation.fr\/#\/schema\/person\/image\/\"},\"sameAs\":[\"https:\/\/sap-formation.fr\"]}]}<\/script>\n<!-- \/ Yoast SEO plugin. -->","yoast_head_json":{"title":"Formations SST \u2013 Gironde (33) - SAP-Formation","description":"SAP Formation propose des formations SST et MAC SST en Gironde (33). Interventions \u00e0 Bordeaux, Arcachon, Libourne... Certifi\u00e9 Qualiopi & INRS.","robots":{"index":"index","follow":"follow","max-snippet":"max-snippet:-1","max-image-preview":"max-image-preview:large","max-video-preview":"max-video-preview:-1"},"canonical":"https:\/\/www.sap-formation.fr\/index.php\/formations-sst-gironde-33\/","og_locale":"fr_FR","og_type":"article","og_title":"Formations SST \u2013 Gironde (33) - SAP-Formation","og_description":"SAP Formation propose des formations SST et MAC SST en Gironde (33). Interventions \u00e0 Bordeaux, Arcachon, Libourne... Certifi\u00e9 Qualiopi & INRS.","og_url":"https:\/\/www.sap-formation.fr\/index.php\/formations-sst-gironde-33\/","og_site_name":"SAP-Formation","article_modified_time":"2025-08-29T08:59:20+00:00","twitter_card":"summary_large_image","twitter_misc":{"Dur\u00e9e de lecture estim\u00e9e":"1 minute"},"schema":{"@context":"https:\/\/schema.org","@graph":[{"@type":"WebPage","@id":"https:\/\/www.sap-formation.fr\/index.php\/formations-sst-gironde-33\/","url":"https:\/\/www.sap-formation.fr\/index.php\/formations-sst-gironde-33\/","name":"Formations SST \u2013 Gironde (33) - SAP-Formation","isPartOf":{"@id":"https:\/\/www.sap-formation.fr\/#website"},"datePublished":"2025-08-28T11:47:47+00:00","dateModified":"2025-08-29T08:59:20+00:00","description":"SAP Formation propose des formations SST et MAC SST en Gironde (33). Interventions \u00e0 Bordeaux, Arcachon, Libourne... Certifi\u00e9 Qualiopi & INRS.","breadcrumb":{"@id":"https:\/\/www.sap-formation.fr\/index.php\/formations-sst-gironde-33\/#breadcrumb"},"inLanguage":"fr-FR","potentialAction":[{"@type":"ReadAction","target":["https:\/\/www.sap-formation.fr\/index.php\/formations-sst-gironde-33\/"]}]},{"@type":"BreadcrumbList","@id":"https:\/\/www.sap-formation.fr\/index.php\/formations-sst-gironde-33\/#breadcrumb","itemListElement":[{"@type":"ListItem","position":1,"name":"Accueil","item":"https:\/\/www.sap-formation.fr\/"},{"@type":"ListItem","position":2,"name":"Formations SST \u2013 Gironde (33)"}]},{"@type":"WebSite","@id":"https:\/\/www.sap-formation.fr\/#website","url":"https:\/\/www.sap-formation.fr\/","name":"SAP-Formation","description":"Formations SAP certifiantes","publisher":{"@id":"https:\/\/www.sap-formation.fr\/#\/schema\/person\/3076231934e9156a43e60950274c1072"},"potentialAction":[{"@type":"SearchAction","target":{"@type":"EntryPoint","urlTemplate":"https:\/\/www.sap-formation.fr\/?s={search_term_string}"},"query-input":{"@type":"PropertyValueSpecification","valueRequired":true,"valueName":"search_term_string"}}],"inLanguage":"fr-FR"},{"@type":["Person","Organization"],"@id":"https:\/\/www.sap-formation.fr\/#\/schema\/person\/3076231934e9156a43e60950274c1072","name":"yfagalde","image":{"@type":"ImageObject","inLanguage":"fr-FR","@id":"https:\/\/www.sap-formation.fr\/#\/schema\/person\/image\/","url":"https:\/\/www.sap-formation.fr\/wp-content\/uploads\/2022\/11\/cropped-logo-1-1.png","contentUrl":"https:\/\/www.sap-formation.fr\/wp-content\/uploads\/2022\/11\/cropped-logo-1-1.png","width":286,"height":176,"caption":"yfagalde"},"logo":{"@id":"https:\/\/www.sap-formation.fr\/#\/schema\/person\/image\/"},"sameAs":["https:\/\/sap-formation.fr"]}]}},"_links":{"self":[{"href":"https:\/\/www.sap-formation.fr\/index.php\/wp-json\/wp\/v2\/pages\/565","targetHints":{"allow":["GET"]}}],"collection":[{"href":"https:\/\/www.sap-formation.fr\/index.php\/wp-json\/wp\/v2\/pages"}],"about":[{"href":"https:\/\/www.sap-formation.fr\/index.php\/wp-json\/wp\/v2\/types\/page"}],"author":[{"embeddable":true,"href":"https:\/\/www.sap-formation.fr\/index.php\/wp-json\/wp\/v2\/users\/1"}],"replies":[{"embeddable":true,"href":"https:\/\/www.sap-formation.fr\/index.php\/wp-json\/wp\/v2\/comments?post=565"}],"version-history":[{"count":2,"href":"https:\/\/www.sap-formation.fr\/index.php\/wp-json\/wp\/v2\/pages\/565\/revisions"}],"predecessor-version":[{"id":602,"href":"https:\/\/www.sap-formation.fr\/index.php\/wp-json\/wp\/v2\/pages\/565\/revisions\/602"}],"wp:attachment":[{"href":"https:\/\/www.sap-formation.fr\/index.php\/wp-json\/wp\/v2\/media?parent=565"}],"curies":[{"name":"wp","href":"https:\/\/api.w.org\/{rel}","templated":true}]}}